{"id":85,"date":"2018-06-05T21:19:18","date_gmt":"2018-06-05T21:19:18","guid":{"rendered":"http:\/\/nya.tempelbyggareorden.org\/?page_id=85"},"modified":"2025-11-22T20:25:12","modified_gmt":"2025-11-22T19:25:12","slug":"ordens-ledning","status":"publish","type":"page","link":"https:\/\/tempelbyggareorden.org\/nb\/ordens-ledning\/","title":{"rendered":"Ordenens Ledelse"},"content":{"rendered":"<div data-elementor-type=\"wp-post\" data-elementor-id=\"85\" class=\"elementor elementor-85\" data-elementor-post-type=\"page\">\n\t\t\t\t\t\t<section class=\"elementor-section elementor-top-section elementor-element elementor-element-652b8c12 elementor-section-boxed elementor-section-height-default elementor-section-height-default\" data-id=\"652b8c12\" data-element_type=\"section\" data-e-type=\"section\">\n\t\t\t\t\t\t<div class=\"elementor-container elementor-column-gap-default\">\n\t\t\t\t\t<div class=\"elementor-column elementor-col-100 elementor-top-column elementor-element elementor-element-621b92de\" data-id=\"621b92de\" data-element_type=\"column\" data-e-type=\"column\">\n\t\t\t<div class=\"elementor-widget-wrap elementor-element-populated\">\n\t\t\t\t\t\t<section class=\"elementor-section elementor-inner-section elementor-element elementor-element-22f7c2b2 elementor-section-boxed elementor-section-height-default elementor-section-height-default\" data-id=\"22f7c2b2\" data-element_type=\"section\" data-e-type=\"section\">\n\t\t\t\t\t\t<div class=\"elementor-container elementor-column-gap-default\">\n\t\t\t\t\t<div class=\"elementor-column elementor-col-100 elementor-inner-column elementor-element elementor-element-55c0e0b4\" data-id=\"55c0e0b4\" data-element_type=\"column\" data-e-type=\"column\">\n\t\t\t<div class=\"elementor-widget-wrap elementor-element-populated\">\n\t\t\t\t\t\t<div class=\"elementor-element elementor-element-fda7a7d elementor-widget elementor-widget-heading\" data-id=\"fda7a7d\" data-element_type=\"widget\" data-e-type=\"widget\" data-widget_type=\"heading.default\">\n\t\t\t\t<div class=\"elementor-widget-container\">\n\t\t\t\t\t<h1 class=\"elementor-heading-title elementor-size-default\">Stortemplet<\/h1>\t\t\t\t<\/div>\n\t\t\t\t<\/div>\n\t\t\t\t<div class=\"elementor-element elementor-element-775dd77b elementor-widget elementor-widget-heading\" data-id=\"775dd77b\" data-element_type=\"widget\" data-e-type=\"widget\" data-widget_type=\"heading.default\">\n\t\t\t\t<div class=\"elementor-widget-container\">\n\t\t\t\t\t<h2 class=\"elementor-heading-title elementor-size-default\">Stormesterr\u00e5d 2025-2028<\/h2>\t\t\t\t<\/div>\n\t\t\t\t<\/div>\n\t\t\t\t<div class=\"elementor-element elementor-element-60518bb elementor-widget elementor-widget-image\" data-id=\"60518bb\" data-element_type=\"widget\" data-e-type=\"widget\" data-widget_type=\"image.default\">\n\t\t\t\t<div class=\"elementor-widget-container\">\n\t\t\t\t\t\t\t\t\t\t\t\t\t\t\t\t<a href=\"https:\/\/tempelbyggareorden.org\/wp-content\/uploads\/2025\/08\/SMRTBO-25-28.webp\" data-elementor-open-lightbox=\"yes\" data-elementor-lightbox-title=\"SMRTBO 25 28\" data-elementor-lightbox-description=\"Storm\u00e4starer\u00e5det Tempelbyggareorden 2025-2028\" data-e-action-hash=\"#elementor-action%3Aaction%3Dlightbox%26settings%3DeyJpZCI6NTE3LCJ1cmwiOiJodHRwczpcL1wvdGVtcGVsYnlnZ2FyZW9yZGVuLm9yZ1wvd3AtY29udGVudFwvdXBsb2Fkc1wvMjAyNVwvMDhcL1NNUlRCTy0yNS0yOC53ZWJwIn0%3D\">\n\t\t\t\t\t\t\t<img fetchpriority=\"high\" decoding=\"async\" width=\"968\" height=\"699\" src=\"https:\/\/tempelbyggareorden.org\/wp-content\/uploads\/2025\/08\/SMRTBO-25-28.webp\" class=\"attachment-large size-large wp-image-517\" alt=\"\" srcset=\"https:\/\/tempelbyggareorden.org\/wp-content\/uploads\/2025\/08\/SMRTBO-25-28.webp 1024w, https:\/\/tempelbyggareorden.org\/wp-content\/uploads\/2025\/08\/SMRTBO-25-28-300x217.webp 300w, https:\/\/tempelbyggareorden.org\/wp-content\/uploads\/2025\/08\/SMRTBO-25-28-768x554.webp 768w, https:\/\/tempelbyggareorden.org\/wp-content\/uploads\/2025\/08\/SMRTBO-25-28-18x12.webp 18w\" sizes=\"(max-width: 968px) 100vw, 968px\" \/>\t\t\t\t\t\t\t\t<\/a>\n\t\t\t\t\t\t\t\t\t\t\t\t\t\t\t<\/div>\n\t\t\t\t<\/div>\n\t\t\t\t<div class=\"elementor-element elementor-element-c858f84 elementor-widget elementor-widget-text-editor\" data-id=\"c858f84\" data-element_type=\"widget\" data-e-type=\"widget\" data-widget_type=\"text-editor.default\">\n\t\t\t\t<div class=\"elementor-widget-container\">\n\t\t\t\t\t\t\t\t\t<p style=\"text-align: center;\" class=\"translation-block\"><strong>St\u00e5ende fra venstre:<\/strong> <br>Storseremonimester Anna Pollack, Storkansler Carina Janerst\u00e5l<\/p><p style=\"text-align: center;\"><strong>Sittende fra venstre:<\/strong> <br \/>Storskattm\u00e4stare Sylvia Ivarsson, Storm\u00e4stare Ingrid Kallstr\u00f6m Bengtsson, Storkaplan Sonia Carvajal<\/p><p style=\"text-align: center;\">(Mangler p\u00e5 bildet gj\u00f8r vise stormester J\u00f8runn E. Halvorsen)<\/p><p style=\"text-align: center;\">F\u00f6r att kontakta n\u00e5gon med e-post s\u00e5 kan du skriva till adressen enligt f\u00f6ljande mall &#x66;&#x6f;&#x72;&#110;&#97;mn&#x2e;&#x65;&#x66;&#x74;&#101;&#114;na&#x6d;&#x6e;&#x40;&#116;&#101;&#109;pe&#x6c;&#x62;&#x79;&#103;&#103;ar&#x65;&#x6f;&#x72;&#x64;&#101;&#110;&#46;o&#x72;&#x67;<\/p>\t\t\t\t\t\t\t\t<\/div>\n\t\t\t\t<\/div>\n\t\t\t\t\t<\/div>\n\t\t<\/div>\n\t\t\t\t\t<\/div>\n\t\t<\/section>\n\t\t\t\t\t<\/div>\n\t\t<\/div>\n\t\t\t\t\t<\/div>\n\t\t<\/section>\n\t\t\t\t<section class=\"elementor-section elementor-top-section elementor-element elementor-element-e46c421 elementor-hidden-desktop elementor-hidden-tablet elementor-hidden-mobile elementor-section-boxed elementor-section-height-default elementor-section-height-default\" data-id=\"e46c421\" data-element_type=\"section\" data-e-type=\"section\">\n\t\t\t\t\t\t<div class=\"elementor-container elementor-column-gap-default\">\n\t\t\t\t\t<div class=\"elementor-column elementor-col-100 elementor-top-column elementor-element elementor-element-d413238\" data-id=\"d413238\" data-element_type=\"column\" data-e-type=\"column\">\n\t\t\t<div class=\"elementor-widget-wrap elementor-element-populated\">\n\t\t\t\t\t\t<div class=\"elementor-element elementor-element-8748176 elementor-widget elementor-widget-heading\" data-id=\"8748176\" data-element_type=\"widget\" data-e-type=\"widget\" data-widget_type=\"heading.default\">\n\t\t\t\t<div class=\"elementor-widget-container\">\n\t\t\t\t\t<h1 class=\"elementor-heading-title elementor-size-default\">Ordens Lag<\/h1>\t\t\t\t<\/div>\n\t\t\t\t<\/div>\n\t\t\t\t<section class=\"elementor-section elementor-inner-section elementor-element elementor-element-9e0dcf9 elementor-section-boxed elementor-section-height-default elementor-section-height-default\" data-id=\"9e0dcf9\" data-element_type=\"section\" data-e-type=\"section\">\n\t\t\t\t\t\t<div class=\"elementor-container elementor-column-gap-default\">\n\t\t\t\t\t<div class=\"elementor-column elementor-col-50 elementor-inner-column elementor-element elementor-element-eddd8de\" data-id=\"eddd8de\" data-element_type=\"column\" data-e-type=\"column\">\n\t\t\t<div class=\"elementor-widget-wrap elementor-element-populated\">\n\t\t\t\t\t\t<div class=\"elementor-element elementor-element-3473f04 elementor-widget elementor-widget-image\" data-id=\"3473f04\" data-element_type=\"widget\" data-e-type=\"widget\" data-widget_type=\"image.default\">\n\t\t\t\t<div class=\"elementor-widget-container\">\n\t\t\t\t\t\t\t\t\t\t\t\t\t\t\t\t<a href=\"https:\/\/tempelbyggareorden.org\/wp-content\/uploads\/2021\/08\/TBO-Allman-lag-2016.pdf\" target=\"_blank\">\n\t\t\t\t\t\t\t<img decoding=\"async\" width=\"219\" height=\"300\" src=\"https:\/\/tempelbyggareorden.org\/wp-content\/uploads\/2021\/08\/TBO-allman-lag-219x300.png\" class=\"attachment-medium size-medium wp-image-349\" alt=\"\" srcset=\"https:\/\/tempelbyggareorden.org\/wp-content\/uploads\/2021\/08\/TBO-allman-lag-219x300.png 219w, https:\/\/tempelbyggareorden.org\/wp-content\/uploads\/2021\/08\/TBO-allman-lag-748x1024.png 748w, https:\/\/tempelbyggareorden.org\/wp-content\/uploads\/2021\/08\/TBO-allman-lag-768x1052.png 768w, https:\/\/tempelbyggareorden.org\/wp-content\/uploads\/2021\/08\/TBO-allman-lag-9x12.png 9w, https:\/\/tempelbyggareorden.org\/wp-content\/uploads\/2021\/08\/TBO-allman-lag.png 1076w\" sizes=\"(max-width: 219px) 100vw, 219px\" \/>\t\t\t\t\t\t\t\t<\/a>\n\t\t\t\t\t\t\t\t\t\t\t\t\t\t\t<\/div>\n\t\t\t\t<\/div>\n\t\t\t\t\t<\/div>\n\t\t<\/div>\n\t\t\t\t<div class=\"elementor-column elementor-col-50 elementor-inner-column elementor-element elementor-element-d605e94\" data-id=\"d605e94\" data-element_type=\"column\" data-e-type=\"column\">\n\t\t\t<div class=\"elementor-widget-wrap elementor-element-populated\">\n\t\t\t\t\t\t<div class=\"elementor-element elementor-element-cfc8d1e elementor-widget elementor-widget-heading\" data-id=\"cfc8d1e\" data-element_type=\"widget\" data-e-type=\"widget\" data-widget_type=\"heading.default\">\n\t\t\t\t<div class=\"elementor-widget-container\">\n\t\t\t\t\t<h2 class=\"elementor-heading-title elementor-size-default\">Ordens Allm\u00e4nna lag<\/h2>\t\t\t\t<\/div>\n\t\t\t\t<\/div>\n\t\t\t\t<div class=\"elementor-element elementor-element-dc4c898 elementor-widget elementor-widget-text-editor\" data-id=\"dc4c898\" data-element_type=\"widget\" data-e-type=\"widget\" data-widget_type=\"text-editor.default\">\n\t\t\t\t<div class=\"elementor-widget-container\">\n\t\t\t\t\t\t\t\t\t<p>Ordens Allm\u00e4nna Lag fastst\u00e4lls vart tredje \u00e5r vid Ordens General Konvent. Senast Generalkonventet var i Karlstad 2019. Orden Allm\u00e4nna Lag \u00e4r ocks\u00e5 Ordens Stadgar.<\/p>\t\t\t\t\t\t\t\t<\/div>\n\t\t\t\t<\/div>\n\t\t\t\t\t<\/div>\n\t\t<\/div>\n\t\t\t\t\t<\/div>\n\t\t<\/section>\n\t\t\t\t\t<\/div>\n\t\t<\/div>\n\t\t\t\t\t<\/div>\n\t\t<\/section>\n\t\t\t\t<\/div>","protected":false},"excerpt":{"rendered":"<p>Stortemplet Storm\u00e4starer\u00e5det 2025-2028 St\u00e5ende fr\u00e5n v\u00e4nster: Storceremonim\u00e4stare Anna Pollack, Storkansler Carina Janerst\u00e5l Sittande fr\u00e5n v\u00e4nster: Storskattm\u00e4stare Sylvia Ivarsson, Storm\u00e4stare Ingrid Kallstr\u00f6m Bengtsson, Storkaplan Sonia Carvajal (Saknas p\u00e5 bild g\u00f6r vice storm\u00e4stare J\u00f8runn E. Halvorsen) F\u00f6r att kontakta n\u00e5gon med e-post s\u00e5 kan du skriva till adressen enligt f\u00f6ljande mall &#x66;&#x6f;&#x72;&#x6e;&#97;&#109;n&#46;e&#x66;&#x74;&#x65;&#x72;&#110;&#97;mn&#64;&#x74;&#x65;&#x6d;&#x70;&#101;&#108;&#98;yg&#x67;&#x61;&#x72;&#x65;&#111;&#114;&#100;en&#x2e;&#x6f;&#x72;&#x67; Ordens Lag Ordens Allm\u00e4nna lag &#8230; <a title=\"Ordenens Ledelse\" class=\"read-more\" href=\"https:\/\/tempelbyggareorden.org\/nb\/ordens-ledning\/\" aria-label=\"Read more about Ordens Ledning\">Read more<\/a><\/p>","protected":false},"author":1,"featured_media":0,"parent":0,"menu_order":0,"comment_status":"closed","ping_status":"closed","template":"","meta":{"generate_page_header":"","footnotes":""},"class_list":["post-85","page","type-page","status-publish"],"yoast_head":"<!-- This site is optimized with the Yoast SEO plugin v27.4 - https:\/\/yoast.com\/product\/yoast-seo-wordpress\/ -->\n<title>Tempel Byggare Ordens ledning och organisation<\/title>\n<meta name=\"description\" content=\"Presentation a Ordens Storm\u00e4starr\u00e5d och dess lagar, stadgar.\" \/>\n<meta name=\"robots\" content=\"index, follow, max-snippet:-1, max-image-preview:large, max-video-preview:-1\" \/>\n<link rel=\"canonical\" href=\"https:\/\/tempelbyggareorden.org\/nb\/ordens-ledning\/\" \/>\n<meta property=\"og:locale\" content=\"nb_NO\" \/>\n<meta property=\"og:type\" content=\"article\" \/>\n<meta property=\"og:title\" content=\"Tempel Byggare Ordens ledning och organisation\" \/>\n<meta property=\"og:description\" content=\"Presentation a Ordens Storm\u00e4starr\u00e5d och dess lagar, stadgar.\" \/>\n<meta property=\"og:url\" content=\"https:\/\/tempelbyggareorden.org\/nb\/ordens-ledning\/\" \/>\n<meta property=\"og:site_name\" content=\"Tempel Byggare Orden\" \/>\n<meta property=\"article:modified_time\" content=\"2025-11-22T19:25:12+00:00\" \/>\n<meta property=\"og:image\" content=\"https:\/\/tempelbyggareorden.org\/wp-content\/uploads\/2025\/08\/SMRTBO-25-28.webp\" \/>\n\t<meta property=\"og:image:width\" content=\"1024\" \/>\n\t<meta property=\"og:image:height\" content=\"739\" \/>\n\t<meta property=\"og:image:type\" content=\"image\/webp\" \/>\n<meta name=\"twitter:card\" content=\"summary_large_image\" \/>\n<meta name=\"twitter:label1\" content=\"Ansl. lesetid\" \/>\n\t<meta name=\"twitter:data1\" content=\"1 minutt\" \/>\n<script type=\"application\/ld+json\" class=\"yoast-schema-graph\">{\"@context\":\"https:\\\/\\\/schema.org\",\"@graph\":[{\"@type\":\"WebPage\",\"@id\":\"https:\\\/\\\/tempelbyggareorden.org\\\/ordens-ledning\\\/\",\"url\":\"https:\\\/\\\/tempelbyggareorden.org\\\/ordens-ledning\\\/\",\"name\":\"Tempel Byggare Ordens ledning och organisation\",\"isPartOf\":{\"@id\":\"https:\\\/\\\/tempelbyggareorden.org\\\/#website\"},\"primaryImageOfPage\":{\"@id\":\"https:\\\/\\\/tempelbyggareorden.org\\\/ordens-ledning\\\/#primaryimage\"},\"image\":{\"@id\":\"https:\\\/\\\/tempelbyggareorden.org\\\/ordens-ledning\\\/#primaryimage\"},\"thumbnailUrl\":\"https:\\\/\\\/tempelbyggareorden.org\\\/wp-content\\\/uploads\\\/2025\\\/08\\\/SMRTBO-25-28.webp\",\"datePublished\":\"2018-06-05T21:19:18+00:00\",\"dateModified\":\"2025-11-22T19:25:12+00:00\",\"description\":\"Presentation a Ordens Storm\u00e4starr\u00e5d och dess lagar, stadgar.\",\"breadcrumb\":{\"@id\":\"https:\\\/\\\/tempelbyggareorden.org\\\/ordens-ledning\\\/#breadcrumb\"},\"inLanguage\":\"nb-NO\",\"potentialAction\":[{\"@type\":\"ReadAction\",\"target\":[\"https:\\\/\\\/tempelbyggareorden.org\\\/ordens-ledning\\\/\"]}]},{\"@type\":\"ImageObject\",\"inLanguage\":\"nb-NO\",\"@id\":\"https:\\\/\\\/tempelbyggareorden.org\\\/ordens-ledning\\\/#primaryimage\",\"url\":\"https:\\\/\\\/tempelbyggareorden.org\\\/wp-content\\\/uploads\\\/2025\\\/08\\\/SMRTBO-25-28.webp\",\"contentUrl\":\"https:\\\/\\\/tempelbyggareorden.org\\\/wp-content\\\/uploads\\\/2025\\\/08\\\/SMRTBO-25-28.webp\"},{\"@type\":\"BreadcrumbList\",\"@id\":\"https:\\\/\\\/tempelbyggareorden.org\\\/ordens-ledning\\\/#breadcrumb\",\"itemListElement\":[{\"@type\":\"ListItem\",\"position\":1,\"name\":\"Hem\",\"item\":\"https:\\\/\\\/tempelbyggareorden.org\\\/\"},{\"@type\":\"ListItem\",\"position\":2,\"name\":\"Ordens Ledning\"}]},{\"@type\":\"WebSite\",\"@id\":\"https:\\\/\\\/tempelbyggareorden.org\\\/#website\",\"url\":\"https:\\\/\\\/tempelbyggareorden.org\\\/\",\"name\":\"Tempel Byggare Orden\",\"description\":\"En Orden med gamla anor f\u00f6r nutidens m\u00e4nniskor.\",\"publisher\":{\"@id\":\"https:\\\/\\\/tempelbyggareorden.org\\\/#organization\"},\"potentialAction\":[{\"@type\":\"SearchAction\",\"target\":{\"@type\":\"EntryPoint\",\"urlTemplate\":\"https:\\\/\\\/tempelbyggareorden.org\\\/?s={search_term_string}\"},\"query-input\":{\"@type\":\"PropertyValueSpecification\",\"valueRequired\":true,\"valueName\":\"search_term_string\"}}],\"inLanguage\":\"nb-NO\"},{\"@type\":\"Organization\",\"@id\":\"https:\\\/\\\/tempelbyggareorden.org\\\/#organization\",\"name\":\"Tempel Byggare Orden\",\"url\":\"https:\\\/\\\/tempelbyggareorden.org\\\/\",\"logo\":{\"@type\":\"ImageObject\",\"inLanguage\":\"nb-NO\",\"@id\":\"https:\\\/\\\/tempelbyggareorden.org\\\/#\\\/schema\\\/logo\\\/image\\\/\",\"url\":\"https:\\\/\\\/tempelbyggareorden.org\\\/wp-content\\\/uploads\\\/2019\\\/11\\\/TBO_STSN.jpg\",\"contentUrl\":\"https:\\\/\\\/tempelbyggareorden.org\\\/wp-content\\\/uploads\\\/2019\\\/11\\\/TBO_STSN.jpg\",\"width\":1200,\"height\":630,\"caption\":\"Tempel Byggare Orden\"},\"image\":{\"@id\":\"https:\\\/\\\/tempelbyggareorden.org\\\/#\\\/schema\\\/logo\\\/image\\\/\"}}]}<\/script>\n<!-- \/ Yoast SEO plugin. -->","yoast_head_json":{"title":"Tempel Byggare Ordens ledning och organisation","description":"Presentation a Ordens Storm\u00e4starr\u00e5d och dess lagar, stadgar.","robots":{"index":"index","follow":"follow","max-snippet":"max-snippet:-1","max-image-preview":"max-image-preview:large","max-video-preview":"max-video-preview:-1"},"canonical":"https:\/\/tempelbyggareorden.org\/nb\/ordens-ledning\/","og_locale":"nb_NO","og_type":"article","og_title":"Tempel Byggare Ordens ledning och organisation","og_description":"Presentation a Ordens Storm\u00e4starr\u00e5d och dess lagar, stadgar.","og_url":"https:\/\/tempelbyggareorden.org\/nb\/ordens-ledning\/","og_site_name":"Tempel Byggare Orden","article_modified_time":"2025-11-22T19:25:12+00:00","og_image":[{"width":1024,"height":739,"url":"https:\/\/tempelbyggareorden.org\/wp-content\/uploads\/2025\/08\/SMRTBO-25-28.webp","type":"image\/webp"}],"twitter_card":"summary_large_image","twitter_misc":{"Ansl. lesetid":"1 minutt"},"schema":{"@context":"https:\/\/schema.org","@graph":[{"@type":"WebPage","@id":"https:\/\/tempelbyggareorden.org\/ordens-ledning\/","url":"https:\/\/tempelbyggareorden.org\/ordens-ledning\/","name":"Tempel Byggare Ordens ledning och organisation","isPartOf":{"@id":"https:\/\/tempelbyggareorden.org\/#website"},"primaryImageOfPage":{"@id":"https:\/\/tempelbyggareorden.org\/ordens-ledning\/#primaryimage"},"image":{"@id":"https:\/\/tempelbyggareorden.org\/ordens-ledning\/#primaryimage"},"thumbnailUrl":"https:\/\/tempelbyggareorden.org\/wp-content\/uploads\/2025\/08\/SMRTBO-25-28.webp","datePublished":"2018-06-05T21:19:18+00:00","dateModified":"2025-11-22T19:25:12+00:00","description":"Presentation a Ordens Storm\u00e4starr\u00e5d och dess lagar, stadgar.","breadcrumb":{"@id":"https:\/\/tempelbyggareorden.org\/ordens-ledning\/#breadcrumb"},"inLanguage":"nb-NO","potentialAction":[{"@type":"ReadAction","target":["https:\/\/tempelbyggareorden.org\/ordens-ledning\/"]}]},{"@type":"ImageObject","inLanguage":"nb-NO","@id":"https:\/\/tempelbyggareorden.org\/ordens-ledning\/#primaryimage","url":"https:\/\/tempelbyggareorden.org\/wp-content\/uploads\/2025\/08\/SMRTBO-25-28.webp","contentUrl":"https:\/\/tempelbyggareorden.org\/wp-content\/uploads\/2025\/08\/SMRTBO-25-28.webp"},{"@type":"BreadcrumbList","@id":"https:\/\/tempelbyggareorden.org\/ordens-ledning\/#breadcrumb","itemListElement":[{"@type":"ListItem","position":1,"name":"Hem","item":"https:\/\/tempelbyggareorden.org\/"},{"@type":"ListItem","position":2,"name":"Ordens Ledning"}]},{"@type":"WebSite","@id":"https:\/\/tempelbyggareorden.org\/#website","url":"https:\/\/tempelbyggareorden.org\/","name":"Tempel Bygger Ordenen","description":"En Orden med gamla anor f\u00f6r nutidens m\u00e4nniskor.","publisher":{"@id":"https:\/\/tempelbyggareorden.org\/#organization"},"potentialAction":[{"@type":"SearchAction","target":{"@type":"EntryPoint","urlTemplate":"https:\/\/tempelbyggareorden.org\/?s={search_term_string}"},"query-input":{"@type":"PropertyValueSpecification","valueRequired":true,"valueName":"search_term_string"}}],"inLanguage":"nb-NO"},{"@type":"Organization","@id":"https:\/\/tempelbyggareorden.org\/#organization","name":"Tempel Bygger Ordenen","url":"https:\/\/tempelbyggareorden.org\/","logo":{"@type":"ImageObject","inLanguage":"nb-NO","@id":"https:\/\/tempelbyggareorden.org\/#\/schema\/logo\/image\/","url":"https:\/\/tempelbyggareorden.org\/wp-content\/uploads\/2019\/11\/TBO_STSN.jpg","contentUrl":"https:\/\/tempelbyggareorden.org\/wp-content\/uploads\/2019\/11\/TBO_STSN.jpg","width":1200,"height":630,"caption":"Tempel Byggare Orden"},"image":{"@id":"https:\/\/tempelbyggareorden.org\/#\/schema\/logo\/image\/"}}]}},"_links":{"self":[{"href":"https:\/\/tempelbyggareorden.org\/nb\/wp-json\/wp\/v2\/pages\/85","targetHints":{"allow":["GET"]}}],"collection":[{"href":"https:\/\/tempelbyggareorden.org\/nb\/wp-json\/wp\/v2\/pages"}],"about":[{"href":"https:\/\/tempelbyggareorden.org\/nb\/wp-json\/wp\/v2\/types\/page"}],"author":[{"embeddable":true,"href":"https:\/\/tempelbyggareorden.org\/nb\/wp-json\/wp\/v2\/users\/1"}],"replies":[{"embeddable":true,"href":"https:\/\/tempelbyggareorden.org\/nb\/wp-json\/wp\/v2\/comments?post=85"}],"version-history":[{"count":65,"href":"https:\/\/tempelbyggareorden.org\/nb\/wp-json\/wp\/v2\/pages\/85\/revisions"}],"predecessor-version":[{"id":567,"href":"https:\/\/tempelbyggareorden.org\/nb\/wp-json\/wp\/v2\/pages\/85\/revisions\/567"}],"wp:attachment":[{"href":"https:\/\/tempelbyggareorden.org\/nb\/wp-json\/wp\/v2\/media?parent=85"}],"curies":[{"name":"wp","href":"https:\/\/api.w.org\/{rel}","templated":true}]}}