{"id":26,"date":"2018-05-11T19:04:24","date_gmt":"2018-05-11T19:04:24","guid":{"rendered":"http:\/\/nya.tempelbyggareorden.org\/?page_id=26"},"modified":"2025-08-08T09:23:47","modified_gmt":"2025-08-08T07:23:47","slug":"tempel-byggare-orden","status":"publish","type":"page","link":"https:\/\/tempelbyggareorden.org\/nb\/","title":{"rendered":"Tempel Bygger Ordenen"},"content":{"rendered":"<div data-elementor-type=\"wp-post\" data-elementor-id=\"26\" class=\"elementor elementor-26\" data-elementor-post-type=\"page\">\n\t\t\t\t\t\t<section class=\"elementor-section elementor-top-section elementor-element elementor-element-8a7376e elementor-hidden-phone elementor-section-boxed elementor-section-height-default elementor-section-height-default\" data-id=\"8a7376e\" data-element_type=\"section\" data-e-type=\"section\">\n\t\t\t\t\t\t<div class=\"elementor-container elementor-column-gap-default\">\n\t\t\t\t\t<div class=\"elementor-column elementor-col-100 elementor-top-column elementor-element elementor-element-39b7f24\" data-id=\"39b7f24\" data-element_type=\"column\" data-e-type=\"column\">\n\t\t\t<div class=\"elementor-widget-wrap elementor-element-populated\">\n\t\t\t\t\t\t<div class=\"elementor-element elementor-element-a920c63 elementor-widget elementor-widget-image\" data-id=\"a920c63\" data-element_type=\"widget\" data-e-type=\"widget\" data-widget_type=\"image.default\">\n\t\t\t\t<div class=\"elementor-widget-container\">\n\t\t\t\t\t\t\t\t\t\t\t\t\t\t\t<img fetchpriority=\"high\" decoding=\"async\" width=\"968\" height=\"726\" src=\"https:\/\/tempelbyggareorden.org\/wp-content\/uploads\/2022\/02\/bokskog.webp\" class=\"attachment-large size-large wp-image-391\" alt=\"\" srcset=\"https:\/\/tempelbyggareorden.org\/wp-content\/uploads\/2022\/02\/bokskog.webp 1024w, https:\/\/tempelbyggareorden.org\/wp-content\/uploads\/2022\/02\/bokskog-300x225.webp 300w, https:\/\/tempelbyggareorden.org\/wp-content\/uploads\/2022\/02\/bokskog-768x576.webp 768w, https:\/\/tempelbyggareorden.org\/wp-content\/uploads\/2022\/02\/bokskog-16x12.webp 16w\" sizes=\"(max-width: 968px) 100vw, 968px\" \/>\t\t\t\t\t\t\t\t\t\t\t\t\t\t\t<\/div>\n\t\t\t\t<\/div>\n\t\t\t\t\t<\/div>\n\t\t<\/div>\n\t\t\t\t\t<\/div>\n\t\t<\/section>\n\t\t\t\t<section class=\"elementor-section elementor-top-section elementor-element elementor-element-08686e8 elementor-section-boxed elementor-section-height-default elementor-section-height-default\" data-id=\"08686e8\" data-element_type=\"section\" data-e-type=\"section\">\n\t\t\t\t\t\t<div class=\"elementor-container elementor-column-gap-default\">\n\t\t\t\t\t<div class=\"elementor-column elementor-col-100 elementor-top-column elementor-element elementor-element-852f534\" data-id=\"852f534\" data-element_type=\"column\" data-e-type=\"column\">\n\t\t\t<div class=\"elementor-widget-wrap elementor-element-populated\">\n\t\t\t\t\t\t<div class=\"elementor-element elementor-element-cbb2688 elementor-widget elementor-widget-heading\" data-id=\"cbb2688\" data-element_type=\"widget\" data-e-type=\"widget\" data-widget_type=\"heading.default\">\n\t\t\t\t<div class=\"elementor-widget-container\">\n\t\t\t\t\t<h1 class=\"elementor-heading-title elementor-size-default\">Tempel Bygger Ordenen<\/h1>\t\t\t\t<\/div>\n\t\t\t\t<\/div>\n\t\t\t\t\t<\/div>\n\t\t<\/div>\n\t\t\t\t\t<\/div>\n\t\t<\/section>\n\t\t\t\t<section class=\"elementor-section elementor-top-section elementor-element elementor-element-f09b2ee elementor-section-boxed elementor-section-height-default elementor-section-height-default\" data-id=\"f09b2ee\" data-element_type=\"section\" data-e-type=\"section\">\n\t\t\t\t\t\t<div class=\"elementor-container elementor-column-gap-default\">\n\t\t\t\t\t<div class=\"elementor-column elementor-col-16 elementor-top-column elementor-element elementor-element-4d73bf1\" data-id=\"4d73bf1\" data-element_type=\"column\" data-e-type=\"column\">\n\t\t\t<div class=\"elementor-widget-wrap\">\n\t\t\t\t\t\t\t<\/div>\n\t\t<\/div>\n\t\t\t\t<div class=\"elementor-column elementor-col-66 elementor-top-column elementor-element elementor-element-40c251f\" data-id=\"40c251f\" data-element_type=\"column\" data-e-type=\"column\">\n\t\t\t<div class=\"elementor-widget-wrap elementor-element-populated\">\n\t\t\t\t\t\t<section class=\"elementor-section elementor-inner-section elementor-element elementor-element-8d72819 elementor-section-boxed elementor-section-height-default elementor-section-height-default\" data-id=\"8d72819\" data-element_type=\"section\" data-e-type=\"section\">\n\t\t\t\t\t\t<div class=\"elementor-container elementor-column-gap-default\">\n\t\t\t\t\t<div class=\"elementor-column elementor-col-100 elementor-inner-column elementor-element elementor-element-3c3d716\" data-id=\"3c3d716\" data-element_type=\"column\" data-e-type=\"column\">\n\t\t\t<div class=\"elementor-widget-wrap elementor-element-populated\">\n\t\t\t\t\t\t<div class=\"elementor-element elementor-element-ec1ad09 elementor-widget elementor-widget-heading\" data-id=\"ec1ad09\" data-element_type=\"widget\" data-e-type=\"widget\" data-widget_type=\"heading.default\">\n\t\t\t\t<div class=\"elementor-widget-container\">\n\t\t\t\t\t<h2 class=\"elementor-heading-title elementor-size-default\">En Orden for kvinner som \u00f8nsker fellesskap og personlig utvikling<\/h2>\t\t\t\t<\/div>\n\t\t\t\t<\/div>\n\t\t\t\t<div class=\"elementor-element elementor-element-fd92df1 elementor-widget elementor-widget-text-editor\" data-id=\"fd92df1\" data-element_type=\"widget\" data-e-type=\"widget\" data-widget_type=\"text-editor.default\">\n\t\t\t\t<div class=\"elementor-widget-container\">\n\t\t\t\t\t\t\t\t\t<p>Tempel Bygger Ordenen er en Orden som vil samle kvinner med etiske og sosiale interesser til et fellesskap bygd p\u00e5 samhold, likhet og menneskekj\u00e6rlighet.<\/p>\n<p>Ordenens form\u00e5l er \u00e5 samle kvinner til tjeneste for det gode og sanne til gang for det samfunn alle er en del av, familien og egen utvikling.<\/p>\n<p>Ordenen  krever at en f\u00f8rer en rusfri  livsstil, men stiller ingen religi\u00f8se eller politiske krav til sine medlemmer. Vi tar avstand fra all form for diskriminering. Tempel Bygger Ordenen  tilbyr et fellesskap som bygger p\u00e5 alle menneskers likeverd.<\/p>\t\t\t\t\t\t\t\t<\/div>\n\t\t\t\t<\/div>\n\t\t\t\t\t<\/div>\n\t\t<\/div>\n\t\t\t\t\t<\/div>\n\t\t<\/section>\n\t\t\t\t\t<\/div>\n\t\t<\/div>\n\t\t\t\t<div class=\"elementor-column elementor-col-16 elementor-top-column elementor-element elementor-element-0247701\" data-id=\"0247701\" data-element_type=\"column\" data-e-type=\"column\">\n\t\t\t<div class=\"elementor-widget-wrap\">\n\t\t\t\t\t\t\t<\/div>\n\t\t<\/div>\n\t\t\t\t\t<\/div>\n\t\t<\/section>\n\t\t\t\t<section class=\"elementor-section elementor-inner-section elementor-element elementor-element-d10d944 elementor-section-boxed elementor-section-height-default elementor-section-height-default elementor-invisible\" data-id=\"d10d944\" data-element_type=\"section\" data-e-type=\"section\" data-settings=\"{&quot;animation&quot;:&quot;fadeIn&quot;}\">\n\t\t\t\t\t\t<div class=\"elementor-container elementor-column-gap-default\">\n\t\t\t\t\t<div class=\"elementor-column elementor-col-33 elementor-inner-column elementor-element elementor-element-234721a4\" data-id=\"234721a4\" data-element_type=\"column\" data-e-type=\"column\">\n\t\t\t<div class=\"elementor-widget-wrap\">\n\t\t\t\t\t\t\t<\/div>\n\t\t<\/div>\n\t\t\t\t<div class=\"elementor-column elementor-col-33 elementor-inner-column elementor-element elementor-element-14a61f44\" data-id=\"14a61f44\" data-element_type=\"column\" data-e-type=\"column\" data-settings=\"{&quot;background_background&quot;:&quot;classic&quot;}\">\n\t\t\t<div class=\"elementor-widget-wrap elementor-element-populated\">\n\t\t\t\t\t\t<div class=\"elementor-element elementor-element-142a40fa elementor-tabs-view-horizontal elementor-widget elementor-widget-tabs\" data-id=\"142a40fa\" data-element_type=\"widget\" data-e-type=\"widget\" data-widget_type=\"tabs.default\">\n\t\t\t\t<div class=\"elementor-widget-container\">\n\t\t\t\t\t\t\t<div class=\"elementor-tabs\">\n\t\t\t<div class=\"elementor-tabs-wrapper\" role=\"tablist\" >\n\t\t\t\t\t\t\t\t\t<div id=\"elementor-tab-title-3381\" class=\"elementor-tab-title elementor-tab-desktop-title\" aria-selected=\"true\" data-tab=\"1\" role=\"tab\" tabindex=\"0\" aria-controls=\"elementor-tab-content-3381\" aria-expanded=\"false\">Visjon<\/div>\n\t\t\t\t\t\t\t\t\t<div id=\"elementor-tab-title-3382\" class=\"elementor-tab-title elementor-tab-desktop-title\" aria-selected=\"false\" data-tab=\"2\" role=\"tab\" tabindex=\"-1\" aria-controls=\"elementor-tab-content-3382\" aria-expanded=\"false\">M\u00e5l<\/div>\n\t\t\t\t\t\t\t\t\t<div id=\"elementor-tab-title-3383\" class=\"elementor-tab-title elementor-tab-desktop-title\" aria-selected=\"false\" data-tab=\"3\" role=\"tab\" tabindex=\"-1\" aria-controls=\"elementor-tab-content-3383\" aria-expanded=\"false\">Tempel Bygger Ordenen<\/div>\n\t\t\t\t\t\t\t<\/div>\n\t\t\t<div class=\"elementor-tabs-content-wrapper\" role=\"tablist\" aria-orientation=\"vertical\">\n\t\t\t\t\t\t\t\t\t<div class=\"elementor-tab-title elementor-tab-mobile-title\" aria-selected=\"true\" data-tab=\"1\" role=\"tab\" tabindex=\"0\" aria-controls=\"elementor-tab-content-3381\" aria-expanded=\"false\">Visjon<\/div>\n\t\t\t\t\t<div id=\"elementor-tab-content-3381\" class=\"elementor-tab-content elementor-clearfix\" data-tab=\"1\" role=\"tabpanel\" aria-labelledby=\"elementor-tab-title-3381\" tabindex=\"0\" hidden=\"false\"><p><a href=\"https:\/\/tempelriddareorden.se\/wp-content\/uploads\/2017\/07\/RT_Concordia_k.png\"><img decoding=\"async\" class=\"wp-image-9341 alignright\" style=\"margin-bottom: 51px;\" src=\"https:\/\/tempelriddareorden.se\/wp-content\/uploads\/2017\/07\/RT_Concordia_k-300x156.png\" alt=\"Riddare Templet Concordias Tempelsal\" width=\"298\" height=\"155\" \/><\/a><br \/>Tempel Bygger Orden \u2013 et inkluderende fellesskap for verdibasert utvikling.<\/p><\/div>\n\t\t\t\t\t\t\t\t\t<div class=\"elementor-tab-title elementor-tab-mobile-title\" aria-selected=\"false\" data-tab=\"2\" role=\"tab\" tabindex=\"-1\" aria-controls=\"elementor-tab-content-3382\" aria-expanded=\"false\">M\u00e5l<\/div>\n\t\t\t\t\t<div id=\"elementor-tab-content-3382\" class=\"elementor-tab-content elementor-clearfix\" data-tab=\"2\" role=\"tabpanel\" aria-labelledby=\"elementor-tab-title-3382\" tabindex=\"0\" hidden=\"hidden\"><p><a href=\"https:\/\/tempelriddareorden.se\/wp-content\/uploads\/2017\/05\/TRO-Pelare.png\" target=\"_blank\" rel=\"noopener noreferrer\"><img decoding=\"async\" class=\"alignright wp-image-4544 size-full\" style=\"margin-right: 5px; margin-left: 10px; margin-bottom: 18px;\" src=\"https:\/\/tempelriddareorden.se\/wp-content\/uploads\/2017\/05\/TRO-Pelare.png\" alt=\"\" width=\"80\" height=\"100\" \/><\/a><br \/>Tempel Byggare Ordenens form\u00e5l er \u00e5 samle kvinner til tjeneste for det gode og sanne til gang for det samfunn alle er en del av, familien og egen utvikling.<\/p><p>Ordenen arbeider for et samfunn fritt for alkohol og andre rusmidler<\/p><\/div>\n\t\t\t\t\t\t\t\t\t<div class=\"elementor-tab-title elementor-tab-mobile-title\" aria-selected=\"false\" data-tab=\"3\" role=\"tab\" tabindex=\"-1\" aria-controls=\"elementor-tab-content-3383\" aria-expanded=\"false\">Tempel Bygger Ordenen<\/div>\n\t\t\t\t\t<div id=\"elementor-tab-content-3383\" class=\"elementor-tab-content elementor-clearfix\" data-tab=\"3\" role=\"tabpanel\" aria-labelledby=\"elementor-tab-title-3383\" tabindex=\"0\" hidden=\"hidden\"><p>Tempel Byggare Ordenen er et fellesskap av kvinner som jevnlig samles til h\u00f8ytidlige m\u00f8ter for \u00e5 st\u00f8tte hverandre i utviklingen av sin karakter. Tempel Bygger Ordenen arbeider p\u00e5 en kristen grunn i et rusfritt milj\u00f8.<\/p><p><a href=\"https:\/\/tempelriddareorden.se\/wp-content\/uploads\/2017\/07\/L\u00e5gan_v\u00e4.png\"><img loading=\"lazy\" decoding=\"async\" class=\"wp-image-9183 aligncenter\" src=\"https:\/\/tempelriddareorden.se\/wp-content\/uploads\/2017\/07\/L\u00e5gan_v\u00e4-262x300.png\" alt=\"Oljelampa\" width=\"106\" height=\"121\" \/><\/a><\/p><\/div>\n\t\t\t\t\t\t\t<\/div>\n\t\t<\/div>\n\t\t\t\t\t\t<\/div>\n\t\t\t\t<\/div>\n\t\t\t\t\t<\/div>\n\t\t<\/div>\n\t\t\t\t<div class=\"elementor-column elementor-col-33 elementor-inner-column elementor-element elementor-element-4fffe22a\" data-id=\"4fffe22a\" data-element_type=\"column\" data-e-type=\"column\">\n\t\t\t<div class=\"elementor-widget-wrap\">\n\t\t\t\t\t\t\t<\/div>\n\t\t<\/div>\n\t\t\t\t\t<\/div>\n\t\t<\/section>\n\t\t\t\t<\/div>","protected":false},"excerpt":{"rendered":"<p>Tempel Byggare Orden En Orden f\u00f6r kvinnor som vill ha gemenskap och personlig utveckling Tempel Byggare Orden \u00e4r en Orden som vill samla kvinnor med etiska och sociala intressen till ett samfund byggt p\u00e5 samh\u00f6righet, j\u00e4mlikhet och m\u00e4nniskok\u00e4rlek. Ordens m\u00e5l \u00e4r nykterhet och personlig utveckling. Nykterhet \u00e4r den fasta grund, p\u00e5 vilken vi vill bygga &#8230; <a title=\"Tempel Bygger Ordenen\" class=\"read-more\" href=\"https:\/\/tempelbyggareorden.org\/nb\/\" aria-label=\"Read more about Tempel Byggare Orden\">Read more<\/a><\/p>","protected":false},"author":1,"featured_media":0,"parent":0,"menu_order":0,"comment_status":"closed","ping_status":"closed","template":"","meta":{"generate_page_header":"","footnotes":""},"class_list":["post-26","page","type-page","status-publish"],"yoast_head":"<!-- This site is optimized with the Yoast SEO plugin v27.5 - https:\/\/yoast.com\/product\/yoast-seo-wordpress\/ -->\n<title>Tempel Byggare Orden i Sverige och Norge<\/title>\n<meta name=\"description\" content=\"Tempel Byggare Orden grundades i Stockholm 2004, men bygger en anor fr\u00e5n USA \u00e5r 1845. Vi \u00e4r ett ordenss\u00e4llskap med krav p\u00e5 helnykterhet. En Orden med gamla anor f\u00f6r nutidens m\u00e4nniskor.\" \/>\n<meta name=\"robots\" content=\"index, follow, max-snippet:-1, max-image-preview:large, max-video-preview:-1\" \/>\n<link rel=\"canonical\" href=\"https:\/\/tempelbyggareorden.org\/nb\/\" \/>\n<meta property=\"og:locale\" content=\"nb_NO\" \/>\n<meta property=\"og:type\" content=\"article\" \/>\n<meta property=\"og:title\" content=\"Tempel Byggare Orden i Sverige och Norge\" \/>\n<meta property=\"og:description\" content=\"Tempel Byggare Orden grundades i Stockholm 2004, men bygger en anor fr\u00e5n USA \u00e5r 1845. Vi \u00e4r ett ordenss\u00e4llskap med krav p\u00e5 helnykterhet. En Orden med gamla anor f\u00f6r nutidens m\u00e4nniskor.\" \/>\n<meta property=\"og:url\" content=\"https:\/\/tempelbyggareorden.org\/nb\/\" \/>\n<meta property=\"og:site_name\" content=\"Tempel Byggare Orden\" \/>\n<meta property=\"article:modified_time\" content=\"2025-08-08T07:23:47+00:00\" \/>\n<meta property=\"og:image\" content=\"https:\/\/tempelbyggareorden.org\/wp-content\/uploads\/2018\/05\/TBO_lila.jpg\" \/>\n<meta name=\"twitter:card\" content=\"summary_large_image\" \/>\n<meta name=\"twitter:label1\" content=\"Ansl. lesetid\" \/>\n\t<meta name=\"twitter:data1\" content=\"2 minutter\" \/>\n<script type=\"application\/ld+json\" class=\"yoast-schema-graph\">{\"@context\":\"https:\\\/\\\/schema.org\",\"@graph\":[{\"@type\":\"WebPage\",\"@id\":\"https:\\\/\\\/tempelbyggareorden.org\\\/\",\"url\":\"https:\\\/\\\/tempelbyggareorden.org\\\/\",\"name\":\"Tempel Byggare Orden i Sverige och Norge\",\"isPartOf\":{\"@id\":\"https:\\\/\\\/tempelbyggareorden.org\\\/#website\"},\"primaryImageOfPage\":{\"@id\":\"https:\\\/\\\/tempelbyggareorden.org\\\/#primaryimage\"},\"image\":{\"@id\":\"https:\\\/\\\/tempelbyggareorden.org\\\/#primaryimage\"},\"thumbnailUrl\":\"https:\\\/\\\/tempelbyggareorden.org\\\/wp-content\\\/uploads\\\/2022\\\/02\\\/bokskog.webp\",\"datePublished\":\"2018-05-11T19:04:24+00:00\",\"dateModified\":\"2025-08-08T07:23:47+00:00\",\"description\":\"Tempel Byggare Orden grundades i Stockholm 2004, men bygger en anor fr\u00e5n USA \u00e5r 1845. Vi \u00e4r ett ordenss\u00e4llskap med krav p\u00e5 helnykterhet. En Orden med gamla anor f\u00f6r nutidens m\u00e4nniskor.\",\"breadcrumb\":{\"@id\":\"https:\\\/\\\/tempelbyggareorden.org\\\/#breadcrumb\"},\"inLanguage\":\"nb-NO\",\"potentialAction\":[{\"@type\":\"ReadAction\",\"target\":[\"https:\\\/\\\/tempelbyggareorden.org\\\/\"]}]},{\"@type\":\"ImageObject\",\"inLanguage\":\"nb-NO\",\"@id\":\"https:\\\/\\\/tempelbyggareorden.org\\\/#primaryimage\",\"url\":\"https:\\\/\\\/tempelbyggareorden.org\\\/wp-content\\\/uploads\\\/2022\\\/02\\\/bokskog.webp\",\"contentUrl\":\"https:\\\/\\\/tempelbyggareorden.org\\\/wp-content\\\/uploads\\\/2022\\\/02\\\/bokskog.webp\"},{\"@type\":\"BreadcrumbList\",\"@id\":\"https:\\\/\\\/tempelbyggareorden.org\\\/#breadcrumb\",\"itemListElement\":[{\"@type\":\"ListItem\",\"position\":1,\"name\":\"Hem\",\"item\":\"https:\\\/\\\/tempelbyggareorden.org\\\/\"},{\"@type\":\"ListItem\",\"position\":2,\"name\":\"Tempel Byggare Orden\"}]},{\"@type\":\"WebSite\",\"@id\":\"https:\\\/\\\/tempelbyggareorden.org\\\/#website\",\"url\":\"https:\\\/\\\/tempelbyggareorden.org\\\/\",\"name\":\"Tempel Byggare Orden\",\"description\":\"En Orden med gamla anor f\u00f6r nutidens m\u00e4nniskor.\",\"publisher\":{\"@id\":\"https:\\\/\\\/tempelbyggareorden.org\\\/#organization\"},\"potentialAction\":[{\"@type\":\"SearchAction\",\"target\":{\"@type\":\"EntryPoint\",\"urlTemplate\":\"https:\\\/\\\/tempelbyggareorden.org\\\/?s={search_term_string}\"},\"query-input\":{\"@type\":\"PropertyValueSpecification\",\"valueRequired\":true,\"valueName\":\"search_term_string\"}}],\"inLanguage\":\"nb-NO\"},{\"@type\":\"Organization\",\"@id\":\"https:\\\/\\\/tempelbyggareorden.org\\\/#organization\",\"name\":\"Tempel Byggare Orden\",\"url\":\"https:\\\/\\\/tempelbyggareorden.org\\\/\",\"logo\":{\"@type\":\"ImageObject\",\"inLanguage\":\"nb-NO\",\"@id\":\"https:\\\/\\\/tempelbyggareorden.org\\\/#\\\/schema\\\/logo\\\/image\\\/\",\"url\":\"https:\\\/\\\/tempelbyggareorden.org\\\/wp-content\\\/uploads\\\/2019\\\/11\\\/TBO_STSN.jpg\",\"contentUrl\":\"https:\\\/\\\/tempelbyggareorden.org\\\/wp-content\\\/uploads\\\/2019\\\/11\\\/TBO_STSN.jpg\",\"width\":1200,\"height\":630,\"caption\":\"Tempel Byggare Orden\"},\"image\":{\"@id\":\"https:\\\/\\\/tempelbyggareorden.org\\\/#\\\/schema\\\/logo\\\/image\\\/\"}}]}<\/script>\n<!-- \/ Yoast SEO plugin. -->","yoast_head_json":{"title":"Tempel Byggare Orden i Sverige och Norge","description":"Tempel Byggare Orden grundades i Stockholm 2004, men bygger en anor fr\u00e5n USA \u00e5r 1845. Vi \u00e4r ett ordenss\u00e4llskap med krav p\u00e5 helnykterhet. En Orden med gamla anor f\u00f6r nutidens m\u00e4nniskor.","robots":{"index":"index","follow":"follow","max-snippet":"max-snippet:-1","max-image-preview":"max-image-preview:large","max-video-preview":"max-video-preview:-1"},"canonical":"https:\/\/tempelbyggareorden.org\/nb\/","og_locale":"nb_NO","og_type":"article","og_title":"Tempel Byggare Orden i Sverige och Norge","og_description":"Tempel Byggare Orden grundades i Stockholm 2004, men bygger en anor fr\u00e5n USA \u00e5r 1845. Vi \u00e4r ett ordenss\u00e4llskap med krav p\u00e5 helnykterhet. En Orden med gamla anor f\u00f6r nutidens m\u00e4nniskor.","og_url":"https:\/\/tempelbyggareorden.org\/nb\/","og_site_name":"Tempel Byggare Orden","article_modified_time":"2025-08-08T07:23:47+00:00","og_image":[{"url":"https:\/\/tempelbyggareorden.org\/wp-content\/uploads\/2018\/05\/TBO_lila.jpg","type":"","width":"","height":""}],"twitter_card":"summary_large_image","twitter_misc":{"Ansl. lesetid":"2 minutter"},"schema":{"@context":"https:\/\/schema.org","@graph":[{"@type":"WebPage","@id":"https:\/\/tempelbyggareorden.org\/","url":"https:\/\/tempelbyggareorden.org\/","name":"Tempel Byggare Orden i Sverige och Norge","isPartOf":{"@id":"https:\/\/tempelbyggareorden.org\/#website"},"primaryImageOfPage":{"@id":"https:\/\/tempelbyggareorden.org\/#primaryimage"},"image":{"@id":"https:\/\/tempelbyggareorden.org\/#primaryimage"},"thumbnailUrl":"https:\/\/tempelbyggareorden.org\/wp-content\/uploads\/2022\/02\/bokskog.webp","datePublished":"2018-05-11T19:04:24+00:00","dateModified":"2025-08-08T07:23:47+00:00","description":"Tempel Byggare Orden grundades i Stockholm 2004, men bygger en anor fr\u00e5n USA \u00e5r 1845. Vi \u00e4r ett ordenss\u00e4llskap med krav p\u00e5 helnykterhet. En Orden med gamla anor f\u00f6r nutidens m\u00e4nniskor.","breadcrumb":{"@id":"https:\/\/tempelbyggareorden.org\/#breadcrumb"},"inLanguage":"nb-NO","potentialAction":[{"@type":"ReadAction","target":["https:\/\/tempelbyggareorden.org\/"]}]},{"@type":"ImageObject","inLanguage":"nb-NO","@id":"https:\/\/tempelbyggareorden.org\/#primaryimage","url":"https:\/\/tempelbyggareorden.org\/wp-content\/uploads\/2022\/02\/bokskog.webp","contentUrl":"https:\/\/tempelbyggareorden.org\/wp-content\/uploads\/2022\/02\/bokskog.webp"},{"@type":"BreadcrumbList","@id":"https:\/\/tempelbyggareorden.org\/#breadcrumb","itemListElement":[{"@type":"ListItem","position":1,"name":"Hem","item":"https:\/\/tempelbyggareorden.org\/"},{"@type":"ListItem","position":2,"name":"Tempel Byggare Orden"}]},{"@type":"WebSite","@id":"https:\/\/tempelbyggareorden.org\/#website","url":"https:\/\/tempelbyggareorden.org\/","name":"Tempel Bygger Ordenen","description":"En Orden med gamla anor f\u00f6r nutidens m\u00e4nniskor.","publisher":{"@id":"https:\/\/tempelbyggareorden.org\/#organization"},"potentialAction":[{"@type":"SearchAction","target":{"@type":"EntryPoint","urlTemplate":"https:\/\/tempelbyggareorden.org\/?s={search_term_string}"},"query-input":{"@type":"PropertyValueSpecification","valueRequired":true,"valueName":"search_term_string"}}],"inLanguage":"nb-NO"},{"@type":"Organization","@id":"https:\/\/tempelbyggareorden.org\/#organization","name":"Tempel Bygger Ordenen","url":"https:\/\/tempelbyggareorden.org\/","logo":{"@type":"ImageObject","inLanguage":"nb-NO","@id":"https:\/\/tempelbyggareorden.org\/#\/schema\/logo\/image\/","url":"https:\/\/tempelbyggareorden.org\/wp-content\/uploads\/2019\/11\/TBO_STSN.jpg","contentUrl":"https:\/\/tempelbyggareorden.org\/wp-content\/uploads\/2019\/11\/TBO_STSN.jpg","width":1200,"height":630,"caption":"Tempel Byggare Orden"},"image":{"@id":"https:\/\/tempelbyggareorden.org\/#\/schema\/logo\/image\/"}}]}},"_links":{"self":[{"href":"https:\/\/tempelbyggareorden.org\/nb\/wp-json\/wp\/v2\/pages\/26","targetHints":{"allow":["GET"]}}],"collection":[{"href":"https:\/\/tempelbyggareorden.org\/nb\/wp-json\/wp\/v2\/pages"}],"about":[{"href":"https:\/\/tempelbyggareorden.org\/nb\/wp-json\/wp\/v2\/types\/page"}],"author":[{"embeddable":true,"href":"https:\/\/tempelbyggareorden.org\/nb\/wp-json\/wp\/v2\/users\/1"}],"replies":[{"embeddable":true,"href":"https:\/\/tempelbyggareorden.org\/nb\/wp-json\/wp\/v2\/comments?post=26"}],"version-history":[{"count":34,"href":"https:\/\/tempelbyggareorden.org\/nb\/wp-json\/wp\/v2\/pages\/26\/revisions"}],"predecessor-version":[{"id":542,"href":"https:\/\/tempelbyggareorden.org\/nb\/wp-json\/wp\/v2\/pages\/26\/revisions\/542"}],"wp:attachment":[{"href":"https:\/\/tempelbyggareorden.org\/nb\/wp-json\/wp\/v2\/media?parent=26"}],"curies":[{"name":"wp","href":"https:\/\/api.w.org\/{rel}","templated":true}]}}