{"id":239,"date":"2019-11-04T18:48:44","date_gmt":"2019-11-04T17:48:44","guid":{"rendered":"https:\/\/tempelbyggareorden.org\/?page_id=239"},"modified":"2024-03-14T20:27:33","modified_gmt":"2024-03-14T19:27:33","slug":"anslagstavla","status":"publish","type":"page","link":"https:\/\/tempelbyggareorden.org\/nb\/anslagstavla\/","title":{"rendered":"Bulletin Board"},"content":{"rendered":"<div data-elementor-type=\"wp-page\" data-elementor-id=\"239\" class=\"elementor elementor-239\" data-elementor-post-type=\"page\">\n\t\t\t\t\t\t<section class=\"elementor-section elementor-top-section elementor-element elementor-element-dafce43 elementor-section-boxed elementor-section-height-default elementor-section-height-default\" data-id=\"dafce43\" data-element_type=\"section\" data-e-type=\"section\">\n\t\t\t\t\t\t<div class=\"elementor-container elementor-column-gap-default\">\n\t\t\t\t\t<div class=\"elementor-column elementor-col-100 elementor-top-column elementor-element elementor-element-a3b0b45\" data-id=\"a3b0b45\" data-element_type=\"column\" data-e-type=\"column\">\n\t\t\t<div class=\"elementor-widget-wrap elementor-element-populated\">\n\t\t\t\t\t\t<div class=\"elementor-element elementor-element-d50f115 elementor-hidden-phone elementor-widget elementor-widget-image\" data-id=\"d50f115\" data-element_type=\"widget\" data-e-type=\"widget\" data-widget_type=\"image.default\">\n\t\t\t\t<div class=\"elementor-widget-container\">\n\t\t\t\t\t\t\t\t\t\t\t\t\t\t\t<img fetchpriority=\"high\" decoding=\"async\" width=\"1024\" height=\"768\" src=\"https:\/\/tempelbyggareorden.org\/wp-content\/uploads\/2022\/02\/brygga.webp\" class=\"attachment-full size-full wp-image-392\" alt=\"\" srcset=\"https:\/\/tempelbyggareorden.org\/wp-content\/uploads\/2022\/02\/brygga.webp 1024w, https:\/\/tempelbyggareorden.org\/wp-content\/uploads\/2022\/02\/brygga-300x225.webp 300w, https:\/\/tempelbyggareorden.org\/wp-content\/uploads\/2022\/02\/brygga-768x576.webp 768w, https:\/\/tempelbyggareorden.org\/wp-content\/uploads\/2022\/02\/brygga-16x12.webp 16w\" sizes=\"(max-width: 1024px) 100vw, 1024px\" \/>\t\t\t\t\t\t\t\t\t\t\t\t\t\t\t<\/div>\n\t\t\t\t<\/div>\n\t\t\t\t\t<\/div>\n\t\t<\/div>\n\t\t\t\t\t<\/div>\n\t\t<\/section>\n\t\t\t\t<section class=\"elementor-section elementor-top-section elementor-element elementor-element-7718b9b elementor-section-boxed elementor-section-height-default elementor-section-height-default\" data-id=\"7718b9b\" data-element_type=\"section\" data-e-type=\"section\">\n\t\t\t\t\t\t<div class=\"elementor-container elementor-column-gap-default\">\n\t\t\t\t\t<div class=\"elementor-column elementor-col-100 elementor-top-column elementor-element elementor-element-93a6423\" data-id=\"93a6423\" data-element_type=\"column\" data-e-type=\"column\">\n\t\t\t<div class=\"elementor-widget-wrap elementor-element-populated\">\n\t\t\t\t\t\t<div class=\"elementor-element elementor-element-085bbbd elementor-widget elementor-widget-heading\" data-id=\"085bbbd\" data-element_type=\"widget\" data-e-type=\"widget\" data-widget_type=\"heading.default\">\n\t\t\t\t<div class=\"elementor-widget-container\">\n\t\t\t\t\t<h1 class=\"elementor-heading-title elementor-size-default\">Aktuell informasjon<\/h1>\t\t\t\t<\/div>\n\t\t\t\t<\/div>\n\t\t\t\t\t<\/div>\n\t\t<\/div>\n\t\t\t\t\t<\/div>\n\t\t<\/section>\n\t\t\t\t<section class=\"elementor-section elementor-top-section elementor-element elementor-element-d57386e elementor-section-boxed elementor-section-height-default elementor-section-height-default\" data-id=\"d57386e\" data-element_type=\"section\" data-e-type=\"section\">\n\t\t\t\t\t\t<div class=\"elementor-container elementor-column-gap-default\">\n\t\t\t\t\t<div class=\"elementor-column elementor-col-100 elementor-top-column elementor-element elementor-element-15ceffc\" data-id=\"15ceffc\" data-element_type=\"column\" data-e-type=\"column\">\n\t\t\t<div class=\"elementor-widget-wrap elementor-element-populated\">\n\t\t\t\t\t\t<div class=\"elementor-element elementor-element-b0ab84e elementor-grid-3 elementor-grid-tablet-2 elementor-grid-mobile-1 elementor-posts--thumbnail-top elementor-widget elementor-widget-posts\" data-id=\"b0ab84e\" data-element_type=\"widget\" data-e-type=\"widget\" data-settings=\"{&quot;classic_columns&quot;:&quot;3&quot;,&quot;classic_columns_tablet&quot;:&quot;2&quot;,&quot;classic_columns_mobile&quot;:&quot;1&quot;,&quot;classic_row_gap&quot;:{&quot;unit&quot;:&quot;px&quot;,&quot;size&quot;:35,&quot;sizes&quot;:[]},&quot;classic_row_gap_tablet&quot;:{&quot;unit&quot;:&quot;px&quot;,&quot;size&quot;:&quot;&quot;,&quot;sizes&quot;:[]},&quot;classic_row_gap_mobile&quot;:{&quot;unit&quot;:&quot;px&quot;,&quot;size&quot;:&quot;&quot;,&quot;sizes&quot;:[]}}\" data-widget_type=\"posts.classic\">\n\t\t\t\t<div class=\"elementor-widget-container\">\n\t\t\t\t\t\t\t<div class=\"elementor-posts-container elementor-posts elementor-posts--skin-classic elementor-grid\" role=\"list\">\n\t\t\t\t<article class=\"elementor-post elementor-grid-item post-533 post type-post status-publish format-standard hentry category-uncategorized\" role=\"listitem\">\n\t\t\t\t<div class=\"elementor-post__text\">\n\t\t\t\t<h3 class=\"elementor-post__title\">\n\t\t\t<a href=\"https:\/\/tempelbyggareorden.org\/nb\/ny-stormastare-vald-vid-general-konventet\/\" >\n\t\t\t\tNy Stormester valgt ved General Konventet\t\t\t<\/a>\n\t\t<\/h3>\n\t\t\t\t<div class=\"elementor-post__meta-data\">\n\t\t\t\t\t<span class=\"elementor-post-date\">\n\t\t\t2025-08-07\t\t<\/span>\n\t\t\t\t<\/div>\n\t\t\t\t<div class=\"elementor-post__excerpt\">\n\t\t\t<p>Ny Stormester valgt\n\nVed m\u00e5nedsskiftet juli\/august 2025 holdt Tempel Byggare Orden og Tempel Ridder Orden General Konvent i Bor\u00e5s. P\u00e5 General Konventet ble nye representanter for orden valgt.\n\nTil ny stormester for de kommende tre \u00e5rene ble Ingrid Kallstr\u00f6m Bengtsson valgt. Hun vil sammen med Stormesterr\u00e5det lede orden frem til 2028.\n\nBilder av hele r\u00e5det vil du finne\u2026<\/p>\n\t\t<\/div>\n\t\t\n\t\t<a class=\"elementor-post__read-more\" href=\"https:\/\/tempelbyggareorden.org\/nb\/ny-stormastare-vald-vid-general-konventet\/\" aria-label=\"Read more about Ny Storm\u00e4stare vald vid General Konventet\" tabindex=\"-1\" >\n\t\t\tL\u00e4s mer \u00bb\t\t<\/a>\n\n\t\t\t\t<\/div>\n\t\t\t\t<\/article>\n\t\t\t\t<\/div>\n\t\t\n\t\t\t\t\t\t<\/div>\n\t\t\t\t<\/div>\n\t\t\t\t\t<\/div>\n\t\t<\/div>\n\t\t\t\t\t<\/div>\n\t\t<\/section>\n\t\t\t\t<\/div>","protected":false},"excerpt":{"rendered":"<p>Aktuell informasjon<\/p>","protected":false},"author":1,"featured_media":0,"parent":0,"menu_order":0,"comment_status":"closed","ping_status":"closed","template":"","meta":{"generate_page_header":"","footnotes":""},"class_list":["post-239","page","type-page","status-publish","hentry"],"yoast_head":"<!-- This site is optimized with the Yoast SEO plugin v27.5 - https:\/\/yoast.com\/product\/yoast-seo-wordpress\/ -->\n<title>Anslagstavla<\/title>\n<meta name=\"description\" content=\"Anslagstavla med aktuell information fr\u00e5n Tempel Byggare Orden\" \/>\n<meta name=\"robots\" content=\"index, follow, max-snippet:-1, max-image-preview:large, max-video-preview:-1\" \/>\n<link rel=\"canonical\" href=\"https:\/\/tempelbyggareorden.org\/nb\/anslagstavla\/\" \/>\n<meta property=\"og:locale\" content=\"nb_NO\" \/>\n<meta property=\"og:type\" content=\"article\" \/>\n<meta property=\"og:title\" content=\"Aktuell information\" \/>\n<meta property=\"og:description\" content=\"Aktuell information fr\u00e5n Tempel Byggare Orden\" \/>\n<meta property=\"og:url\" content=\"https:\/\/tempelbyggareorden.org\/nb\/anslagstavla\/\" \/>\n<meta property=\"og:site_name\" content=\"Tempel Byggare Orden\" \/>\n<meta property=\"article:modified_time\" content=\"2024-03-14T19:27:33+00:00\" \/>\n<meta property=\"og:image\" content=\"https:\/\/tempelbyggareorden.org\/wp-content\/uploads\/2022\/02\/brygga.webp\" \/>\n<meta name=\"twitter:card\" content=\"summary_large_image\" \/>\n<meta name=\"twitter:label1\" content=\"Ansl. lesetid\" \/>\n\t<meta name=\"twitter:data1\" content=\"1 minutt\" \/>\n<script type=\"application\/ld+json\" class=\"yoast-schema-graph\">{\"@context\":\"https:\\\/\\\/schema.org\",\"@graph\":[{\"@type\":\"WebPage\",\"@id\":\"https:\\\/\\\/tempelbyggareorden.org\\\/anslagstavla\\\/\",\"url\":\"https:\\\/\\\/tempelbyggareorden.org\\\/anslagstavla\\\/\",\"name\":\"Anslagstavla\",\"isPartOf\":{\"@id\":\"https:\\\/\\\/tempelbyggareorden.org\\\/#website\"},\"primaryImageOfPage\":{\"@id\":\"https:\\\/\\\/tempelbyggareorden.org\\\/anslagstavla\\\/#primaryimage\"},\"image\":{\"@id\":\"https:\\\/\\\/tempelbyggareorden.org\\\/anslagstavla\\\/#primaryimage\"},\"thumbnailUrl\":\"https:\\\/\\\/tempelbyggareorden.org\\\/wp-content\\\/uploads\\\/2022\\\/02\\\/brygga.webp\",\"datePublished\":\"2019-11-04T17:48:44+00:00\",\"dateModified\":\"2024-03-14T19:27:33+00:00\",\"description\":\"Anslagstavla med aktuell information fr\u00e5n Tempel Byggare Orden\",\"breadcrumb\":{\"@id\":\"https:\\\/\\\/tempelbyggareorden.org\\\/anslagstavla\\\/#breadcrumb\"},\"inLanguage\":\"nb-NO\",\"potentialAction\":[{\"@type\":\"ReadAction\",\"target\":[\"https:\\\/\\\/tempelbyggareorden.org\\\/anslagstavla\\\/\"]}]},{\"@type\":\"ImageObject\",\"inLanguage\":\"nb-NO\",\"@id\":\"https:\\\/\\\/tempelbyggareorden.org\\\/anslagstavla\\\/#primaryimage\",\"url\":\"https:\\\/\\\/tempelbyggareorden.org\\\/wp-content\\\/uploads\\\/2022\\\/02\\\/brygga.webp\",\"contentUrl\":\"https:\\\/\\\/tempelbyggareorden.org\\\/wp-content\\\/uploads\\\/2022\\\/02\\\/brygga.webp\"},{\"@type\":\"BreadcrumbList\",\"@id\":\"https:\\\/\\\/tempelbyggareorden.org\\\/anslagstavla\\\/#breadcrumb\",\"itemListElement\":[{\"@type\":\"ListItem\",\"position\":1,\"name\":\"Hem\",\"item\":\"https:\\\/\\\/tempelbyggareorden.org\\\/\"},{\"@type\":\"ListItem\",\"position\":2,\"name\":\"Anslagstavla\"}]},{\"@type\":\"WebSite\",\"@id\":\"https:\\\/\\\/tempelbyggareorden.org\\\/#website\",\"url\":\"https:\\\/\\\/tempelbyggareorden.org\\\/\",\"name\":\"Tempel Byggare Orden\",\"description\":\"En Orden med gamla anor f\u00f6r nutidens m\u00e4nniskor.\",\"publisher\":{\"@id\":\"https:\\\/\\\/tempelbyggareorden.org\\\/#organization\"},\"potentialAction\":[{\"@type\":\"SearchAction\",\"target\":{\"@type\":\"EntryPoint\",\"urlTemplate\":\"https:\\\/\\\/tempelbyggareorden.org\\\/?s={search_term_string}\"},\"query-input\":{\"@type\":\"PropertyValueSpecification\",\"valueRequired\":true,\"valueName\":\"search_term_string\"}}],\"inLanguage\":\"nb-NO\"},{\"@type\":\"Organization\",\"@id\":\"https:\\\/\\\/tempelbyggareorden.org\\\/#organization\",\"name\":\"Tempel Byggare Orden\",\"url\":\"https:\\\/\\\/tempelbyggareorden.org\\\/\",\"logo\":{\"@type\":\"ImageObject\",\"inLanguage\":\"nb-NO\",\"@id\":\"https:\\\/\\\/tempelbyggareorden.org\\\/#\\\/schema\\\/logo\\\/image\\\/\",\"url\":\"https:\\\/\\\/tempelbyggareorden.org\\\/wp-content\\\/uploads\\\/2019\\\/11\\\/TBO_STSN.jpg\",\"contentUrl\":\"https:\\\/\\\/tempelbyggareorden.org\\\/wp-content\\\/uploads\\\/2019\\\/11\\\/TBO_STSN.jpg\",\"width\":1200,\"height\":630,\"caption\":\"Tempel Byggare Orden\"},\"image\":{\"@id\":\"https:\\\/\\\/tempelbyggareorden.org\\\/#\\\/schema\\\/logo\\\/image\\\/\"}}]}<\/script>\n<!-- \/ Yoast SEO plugin. -->","yoast_head_json":{"title":"Bulletin Board","description":"Anslagstavla med aktuell information fr\u00e5n Tempel Byggare Orden","robots":{"index":"index","follow":"follow","max-snippet":"max-snippet:-1","max-image-preview":"max-image-preview:large","max-video-preview":"max-video-preview:-1"},"canonical":"https:\/\/tempelbyggareorden.org\/nb\/anslagstavla\/","og_locale":"nb_NO","og_type":"article","og_title":"Aktuell information","og_description":"Aktuell information fr\u00e5n Tempel Byggare Orden","og_url":"https:\/\/tempelbyggareorden.org\/nb\/anslagstavla\/","og_site_name":"Tempel Byggare Orden","article_modified_time":"2024-03-14T19:27:33+00:00","og_image":[{"url":"https:\/\/tempelbyggareorden.org\/wp-content\/uploads\/2022\/02\/brygga.webp","type":"","width":"","height":""}],"twitter_card":"summary_large_image","twitter_misc":{"Ansl. lesetid":"1 minutt"},"schema":{"@context":"https:\/\/schema.org","@graph":[{"@type":"WebPage","@id":"https:\/\/tempelbyggareorden.org\/anslagstavla\/","url":"https:\/\/tempelbyggareorden.org\/anslagstavla\/","name":"Bulletin Board","isPartOf":{"@id":"https:\/\/tempelbyggareorden.org\/#website"},"primaryImageOfPage":{"@id":"https:\/\/tempelbyggareorden.org\/anslagstavla\/#primaryimage"},"image":{"@id":"https:\/\/tempelbyggareorden.org\/anslagstavla\/#primaryimage"},"thumbnailUrl":"https:\/\/tempelbyggareorden.org\/wp-content\/uploads\/2022\/02\/brygga.webp","datePublished":"2019-11-04T17:48:44+00:00","dateModified":"2024-03-14T19:27:33+00:00","description":"Anslagstavla med aktuell information fr\u00e5n Tempel Byggare Orden","breadcrumb":{"@id":"https:\/\/tempelbyggareorden.org\/anslagstavla\/#breadcrumb"},"inLanguage":"nb-NO","potentialAction":[{"@type":"ReadAction","target":["https:\/\/tempelbyggareorden.org\/anslagstavla\/"]}]},{"@type":"ImageObject","inLanguage":"nb-NO","@id":"https:\/\/tempelbyggareorden.org\/anslagstavla\/#primaryimage","url":"https:\/\/tempelbyggareorden.org\/wp-content\/uploads\/2022\/02\/brygga.webp","contentUrl":"https:\/\/tempelbyggareorden.org\/wp-content\/uploads\/2022\/02\/brygga.webp"},{"@type":"BreadcrumbList","@id":"https:\/\/tempelbyggareorden.org\/anslagstavla\/#breadcrumb","itemListElement":[{"@type":"ListItem","position":1,"name":"Hem","item":"https:\/\/tempelbyggareorden.org\/"},{"@type":"ListItem","position":2,"name":"Anslagstavla"}]},{"@type":"WebSite","@id":"https:\/\/tempelbyggareorden.org\/#website","url":"https:\/\/tempelbyggareorden.org\/","name":"Tempel Bygger Ordenen","description":"En Orden med gamla anor f\u00f6r nutidens m\u00e4nniskor.","publisher":{"@id":"https:\/\/tempelbyggareorden.org\/#organization"},"potentialAction":[{"@type":"SearchAction","target":{"@type":"EntryPoint","urlTemplate":"https:\/\/tempelbyggareorden.org\/?s={search_term_string}"},"query-input":{"@type":"PropertyValueSpecification","valueRequired":true,"valueName":"search_term_string"}}],"inLanguage":"nb-NO"},{"@type":"Organization","@id":"https:\/\/tempelbyggareorden.org\/#organization","name":"Tempel Bygger Ordenen","url":"https:\/\/tempelbyggareorden.org\/","logo":{"@type":"ImageObject","inLanguage":"nb-NO","@id":"https:\/\/tempelbyggareorden.org\/#\/schema\/logo\/image\/","url":"https:\/\/tempelbyggareorden.org\/wp-content\/uploads\/2019\/11\/TBO_STSN.jpg","contentUrl":"https:\/\/tempelbyggareorden.org\/wp-content\/uploads\/2019\/11\/TBO_STSN.jpg","width":1200,"height":630,"caption":"Tempel Byggare Orden"},"image":{"@id":"https:\/\/tempelbyggareorden.org\/#\/schema\/logo\/image\/"}}]}},"_links":{"self":[{"href":"https:\/\/tempelbyggareorden.org\/nb\/wp-json\/wp\/v2\/pages\/239","targetHints":{"allow":["GET"]}}],"collection":[{"href":"https:\/\/tempelbyggareorden.org\/nb\/wp-json\/wp\/v2\/pages"}],"about":[{"href":"https:\/\/tempelbyggareorden.org\/nb\/wp-json\/wp\/v2\/types\/page"}],"author":[{"embeddable":true,"href":"https:\/\/tempelbyggareorden.org\/nb\/wp-json\/wp\/v2\/users\/1"}],"replies":[{"embeddable":true,"href":"https:\/\/tempelbyggareorden.org\/nb\/wp-json\/wp\/v2\/comments?post=239"}],"version-history":[{"count":16,"href":"https:\/\/tempelbyggareorden.org\/nb\/wp-json\/wp\/v2\/pages\/239\/revisions"}],"predecessor-version":[{"id":474,"href":"https:\/\/tempelbyggareorden.org\/nb\/wp-json\/wp\/v2\/pages\/239\/revisions\/474"}],"wp:attachment":[{"href":"https:\/\/tempelbyggareorden.org\/nb\/wp-json\/wp\/v2\/media?parent=239"}],"curies":[{"name":"wp","href":"https:\/\/api.w.org\/{rel}","templated":true}]}}