{"id":14,"date":"2018-05-11T19:01:35","date_gmt":"2018-05-11T19:01:35","guid":{"rendered":"http:\/\/nya.tempelbyggareorden.org\/?page_id=14"},"modified":"2025-11-29T21:00:56","modified_gmt":"2025-11-29T20:00:56","slug":"blimedlem","status":"publish","type":"page","link":"https:\/\/tempelbyggareorden.org\/nb\/blimedlem\/","title":{"rendered":"Bli Medlem"},"content":{"rendered":"\t\t<div data-elementor-type=\"wp-page\" data-elementor-id=\"14\" class=\"elementor elementor-14\" data-elementor-post-type=\"page\">\n\t\t\t\t\t\t<section class=\"elementor-section elementor-top-section elementor-element elementor-element-2b58166a elementor-section-boxed elementor-section-height-default elementor-section-height-default\" data-id=\"2b58166a\" data-element_type=\"section\" data-e-type=\"section\">\n\t\t\t\t\t\t<div class=\"elementor-container elementor-column-gap-default\">\n\t\t\t\t\t<div class=\"elementor-column elementor-col-100 elementor-top-column elementor-element elementor-element-372b89ba\" data-id=\"372b89ba\" data-element_type=\"column\" data-e-type=\"column\">\n\t\t\t<div class=\"elementor-widget-wrap elementor-element-populated\">\n\t\t\t\t\t\t<section class=\"elementor-section elementor-inner-section elementor-element elementor-element-2544b3bf elementor-section-boxed elementor-section-height-default elementor-section-height-default\" data-id=\"2544b3bf\" data-element_type=\"section\" data-e-type=\"section\">\n\t\t\t\t\t\t<div class=\"elementor-container elementor-column-gap-default\">\n\t\t\t\t\t<div class=\"elementor-column elementor-col-50 elementor-inner-column elementor-element elementor-element-7470cea0\" data-id=\"7470cea0\" data-element_type=\"column\" data-e-type=\"column\">\n\t\t\t<div class=\"elementor-widget-wrap elementor-element-populated\">\n\t\t\t\t\t\t<div class=\"elementor-element elementor-element-3d8b8a90 elementor-widget elementor-widget-heading\" data-id=\"3d8b8a90\" data-element_type=\"widget\" data-e-type=\"widget\" data-widget_type=\"heading.default\">\n\t\t\t\t<div class=\"elementor-widget-container\">\n\t\t\t\t\t<h1 class=\"elementor-heading-title elementor-size-default\">Intresseanm\u00e4lan<\/h1>\t\t\t\t<\/div>\n\t\t\t\t<\/div>\n\t\t\t\t<div class=\"elementor-element elementor-element-702b372 elementor-widget elementor-widget-text-editor\" data-id=\"702b372\" data-element_type=\"widget\" data-e-type=\"widget\" data-widget_type=\"text-editor.default\">\n\t\t\t\t<div class=\"elementor-widget-container\">\n\t\t\t\t\t\t\t\t\t<p>Den som vill bli medlem i Tempel Byggare Orden m\u00e5ste vara kvinna och ha fyllt 18 \u00e5r.<\/p><p>I Grundlagen redog\u00f6rs vad Tempel Byggare Orden st\u00e5r f\u00f6r och fordrar av sina medlemmar.<\/p><p>Ett krav som st\u00e4lls p\u00e5 den som vill bli medlem \u00e4r att inte sj\u00e4lv anv\u00e4nda n\u00e5gra berusande medel (t.ex. alkohol eller andra droger).<\/p>\t\t\t\t\t\t\t\t<\/div>\n\t\t\t\t<\/div>\n\t\t\t\t\t<\/div>\n\t\t<\/div>\n\t\t\t\t<div class=\"elementor-column elementor-col-50 elementor-inner-column elementor-element elementor-element-301420a0\" data-id=\"301420a0\" data-element_type=\"column\" data-e-type=\"column\">\n\t\t\t<div class=\"elementor-widget-wrap\">\n\t\t\t\t\t\t\t<\/div>\n\t\t<\/div>\n\t\t\t\t\t<\/div>\n\t\t<\/section>\n\t\t\t\t<section class=\"elementor-section elementor-inner-section elementor-element elementor-element-c3712a1 elementor-section-boxed elementor-section-height-default elementor-section-height-default\" data-id=\"c3712a1\" data-element_type=\"section\" data-e-type=\"section\">\n\t\t\t\t\t\t<div class=\"elementor-container elementor-column-gap-default\">\n\t\t\t\t\t<div class=\"elementor-column elementor-col-33 elementor-inner-column elementor-element elementor-element-2b8f96f\" data-id=\"2b8f96f\" data-element_type=\"column\" data-e-type=\"column\">\n\t\t\t<div class=\"elementor-widget-wrap elementor-element-populated\">\n\t\t\t\t\t\t<div class=\"elementor-element elementor-element-3e7a489 elementor-button-align-stretch elementor-widget elementor-widget-form\" data-id=\"3e7a489\" data-element_type=\"widget\" data-e-type=\"widget\" data-settings=\"{&quot;button_width&quot;:&quot;33&quot;,&quot;step_next_label&quot;:&quot;N\\u00e4sta&quot;,&quot;step_previous_label&quot;:&quot;F\\u00f6reg\\u00e5ende&quot;,&quot;step_type&quot;:&quot;number_text&quot;,&quot;step_icon_shape&quot;:&quot;circle&quot;}\" data-widget_type=\"form.default\">\n\t\t\t\t<div class=\"elementor-widget-container\">\n\t\t\t\t\t\t\t<form class=\"elementor-form\" method=\"post\" name=\"Nytt formul\u00e4r\" aria-label=\"Nytt formul\u00e4r\" novalidate=\"\">\n\t\t\t<input type=\"hidden\" name=\"post_id\" value=\"14\"\/>\n\t\t\t<input type=\"hidden\" name=\"form_id\" value=\"3e7a489\"\/>\n\t\t\t<input type=\"hidden\" name=\"referer_title\" value=\"Blir medlem i Tempel Byggare Orden\" \/>\n\n\t\t\t\t\t\t\t<input type=\"hidden\" name=\"queried_id\" value=\"14\"\/>\n\t\t\t\n\t\t\t<div class=\"elementor-form-fields-wrapper elementor-labels-above\">\n\t\t\t\t\t\t\t\t<div class=\"elementor-field-type-text elementor-field-group elementor-column elementor-field-group-field_70a91ee elementor-col-100 elementor-field-required elementor-mark-required\">\n\t\t\t\t\t\t\t\t\t\t\t\t<label for=\"form-field-field_70a91ee\" class=\"elementor-field-label\">\n\t\t\t\t\t\t\t\tNamn\t\t\t\t\t\t\t<\/label>\n\t\t\t\t\t\t\t\t\t\t\t\t\t\t<input size=\"1\" type=\"text\" name=\"form_fields[field_70a91ee]\" id=\"form-field-field_70a91ee\" class=\"elementor-field elementor-size-sm  elementor-field-textual\" placeholder=\"Namn\" required=\"required\">\n\t\t\t\t\t\t\t\t\t\t\t<\/div>\n\t\t\t\t\t\t\t\t<div class=\"elementor-field-type-email elementor-field-group elementor-column elementor-field-group-email elementor-col-100 elementor-field-required elementor-mark-required\">\n\t\t\t\t\t\t\t\t\t\t\t\t<label for=\"form-field-email\" class=\"elementor-field-label\">\n\t\t\t\t\t\t\t\tE-post\t\t\t\t\t\t\t<\/label>\n\t\t\t\t\t\t\t\t\t\t\t\t\t\t<input size=\"1\" type=\"email\" name=\"form_fields[email]\" id=\"form-field-email\" class=\"elementor-field elementor-size-sm  elementor-field-textual\" placeholder=\"E-post\" required=\"required\">\n\t\t\t\t\t\t\t\t\t\t\t<\/div>\n\t\t\t\t\t\t\t\t<div class=\"elementor-field-type-textarea elementor-field-group elementor-column elementor-field-group-message elementor-col-100\">\n\t\t\t\t\t\t\t\t\t\t\t\t<label for=\"form-field-message\" class=\"elementor-field-label\">\n\t\t\t\t\t\t\t\tMeddelande\t\t\t\t\t\t\t<\/label>\n\t\t\t\t\t\t<textarea class=\"elementor-field-textual elementor-field  elementor-size-sm\" name=\"form_fields[message]\" id=\"form-field-message\" rows=\"3\" placeholder=\"Skriv g\u00e4rna n\u00e5got om dig. Vem du \u00e4r, var du bor och varf\u00f6r du \u00e4r intresserad av medlemskap.\"><\/textarea>\t\t\t\t<\/div>\n\t\t\t\t\t\t\t\t<div class=\"elementor-field-type-text\">\n\t\t\t\t\t<input size=\"1\" type=\"text\" name=\"form_fields[field_19e1292]\" id=\"form-field-field_19e1292\" class=\"elementor-field elementor-size-sm \" style=\"display:none !important;\">\t\t\t\t<\/div>\n\t\t\t\t\t\t\t\t<div class=\"elementor-field-type-text\">\n\t\t\t\t\t<input size=\"1\" type=\"text\" name=\"form_fields[field_19a7c7d]\" id=\"form-field-field_19a7c7d\" class=\"elementor-field elementor-size-sm \" style=\"display:none !important;\">\t\t\t\t<\/div>\n\t\t\t\t\t\t\t\t<div class=\"elementor-field-type-text\">\n\t\t\t\t\t<input size=\"1\" type=\"text\" name=\"form_fields[field_0af0487]\" id=\"form-field-field_0af0487\" class=\"elementor-field elementor-size-sm \" style=\"display:none !important;\">\t\t\t\t<\/div>\n\t\t\t\t\t\t\t\t<div class=\"elementor-field-group elementor-column elementor-field-type-submit elementor-col-33 e-form__buttons\">\n\t\t\t\t\t<button class=\"elementor-button elementor-size-sm\" type=\"submit\">\n\t\t\t\t\t\t<span class=\"elementor-button-content-wrapper\">\n\t\t\t\t\t\t\t\t\t\t\t\t\t\t\t<span class=\"elementor-button-icon\">\n\t\t\t\t\t\t\t\t\t<i aria-hidden=\"true\" class=\"fas fa-envelope\"><\/i>\t\t\t\t\t\t\t\t\t\t\t\t\t\t\t\t\t<\/span>\n\t\t\t\t\t\t\t\t\t\t\t\t\t\t\t\t\t\t\t\t\t\t<span class=\"elementor-button-text\">Skicka<\/span>\n\t\t\t\t\t\t\t\t\t\t\t\t\t<\/span>\n\t\t\t\t\t<\/button>\n\t\t\t\t<\/div>\n\t\t\t<\/div>\n\t\t<\/form>\n\t\t\t\t\t\t<\/div>\n\t\t\t\t<\/div>\n\t\t\t\t\t<\/div>\n\t\t<\/div>\n\t\t\t\t<div class=\"elementor-column elementor-col-33 elementor-inner-column elementor-element elementor-element-903ec7e\" data-id=\"903ec7e\" data-element_type=\"column\" data-e-type=\"column\">\n\t\t\t<div class=\"elementor-widget-wrap\">\n\t\t\t\t\t\t\t<\/div>\n\t\t<\/div>\n\t\t\t\t<div class=\"elementor-column elementor-col-33 elementor-inner-column elementor-element elementor-element-ee5751c\" data-id=\"ee5751c\" data-element_type=\"column\" data-e-type=\"column\">\n\t\t\t<div class=\"elementor-widget-wrap\">\n\t\t\t\t\t\t\t<\/div>\n\t\t<\/div>\n\t\t\t\t\t<\/div>\n\t\t<\/section>\n\t\t\t\t\t<\/div>\n\t\t<\/div>\n\t\t\t\t\t<\/div>\n\t\t<\/section>\n\t\t\t\t<\/div>\n\t\t","protected":false},"excerpt":{"rendered":"<p>Intresseanm\u00e4lan Den som vill bli medlem i Tempel Byggare Orden m\u00e5ste vara kvinna och ha fyllt 18 \u00e5r. I Grundlagen redog\u00f6rs vad Tempel Byggare Orden st\u00e5r f\u00f6r och fordrar av sina medlemmar. Ett krav som st\u00e4lls p\u00e5 den som vill bli medlem \u00e4r att inte sj\u00e4lv anv\u00e4nda n\u00e5gra berusande medel (t.ex. alkohol eller andra droger).<\/p>","protected":false},"author":1,"featured_media":0,"parent":0,"menu_order":0,"comment_status":"closed","ping_status":"closed","template":"","meta":{"generate_page_header":"","footnotes":""},"class_list":["post-14","page","type-page","status-publish"],"yoast_head":"<!-- This site is optimized with the Yoast SEO plugin v27.5 - https:\/\/yoast.com\/product\/yoast-seo-wordpress\/ -->\n<title>Blir medlem i Tempel Byggare Orden<\/title>\n<meta name=\"description\" content=\"Information och kontaktformul\u00e4r f\u00f6r att g\u00f6ra en intresseanm\u00e4lan om medlemskap i Tempel Byggare Orden\" \/>\n<meta name=\"robots\" content=\"index, follow, max-snippet:-1, max-image-preview:large, max-video-preview:-1\" \/>\n<link rel=\"canonical\" href=\"https:\/\/tempelbyggareorden.org\/nb\/blimedlem\/\" \/>\n<meta property=\"og:locale\" content=\"nb_NO\" \/>\n<meta property=\"og:type\" content=\"article\" \/>\n<meta property=\"og:title\" content=\"Blir medlem i Tempel Byggare Orden\" \/>\n<meta property=\"og:description\" content=\"Information och kontaktformul\u00e4r f\u00f6r att g\u00f6ra en intresseanm\u00e4lan om medlemskap i Tempel Byggare Orden\" \/>\n<meta property=\"og:url\" content=\"https:\/\/tempelbyggareorden.org\/nb\/blimedlem\/\" \/>\n<meta property=\"og:site_name\" content=\"Tempel Byggare Orden\" \/>\n<meta property=\"article:modified_time\" content=\"2025-11-29T20:00:56+00:00\" \/>\n<meta name=\"twitter:card\" content=\"summary_large_image\" \/>\n<meta name=\"twitter:label1\" content=\"Ansl. lesetid\" \/>\n\t<meta name=\"twitter:data1\" content=\"1 minutt\" \/>\n<script type=\"application\/ld+json\" class=\"yoast-schema-graph\">{\"@context\":\"https:\\\/\\\/schema.org\",\"@graph\":[{\"@type\":\"WebPage\",\"@id\":\"https:\\\/\\\/tempelbyggareorden.org\\\/blimedlem\\\/\",\"url\":\"https:\\\/\\\/tempelbyggareorden.org\\\/blimedlem\\\/\",\"name\":\"Blir medlem i Tempel Byggare Orden\",\"isPartOf\":{\"@id\":\"https:\\\/\\\/tempelbyggareorden.org\\\/#website\"},\"datePublished\":\"2018-05-11T19:01:35+00:00\",\"dateModified\":\"2025-11-29T20:00:56+00:00\",\"description\":\"Information och kontaktformul\u00e4r f\u00f6r att g\u00f6ra en intresseanm\u00e4lan om medlemskap i Tempel Byggare Orden\",\"breadcrumb\":{\"@id\":\"https:\\\/\\\/tempelbyggareorden.org\\\/blimedlem\\\/#breadcrumb\"},\"inLanguage\":\"nb-NO\",\"potentialAction\":[{\"@type\":\"ReadAction\",\"target\":[\"https:\\\/\\\/tempelbyggareorden.org\\\/blimedlem\\\/\"]}]},{\"@type\":\"BreadcrumbList\",\"@id\":\"https:\\\/\\\/tempelbyggareorden.org\\\/blimedlem\\\/#breadcrumb\",\"itemListElement\":[{\"@type\":\"ListItem\",\"position\":1,\"name\":\"Hem\",\"item\":\"https:\\\/\\\/tempelbyggareorden.org\\\/\"},{\"@type\":\"ListItem\",\"position\":2,\"name\":\"Bli Medlem\"}]},{\"@type\":\"WebSite\",\"@id\":\"https:\\\/\\\/tempelbyggareorden.org\\\/#website\",\"url\":\"https:\\\/\\\/tempelbyggareorden.org\\\/\",\"name\":\"Tempel Byggare Orden\",\"description\":\"En Orden med gamla anor f\u00f6r nutidens m\u00e4nniskor.\",\"publisher\":{\"@id\":\"https:\\\/\\\/tempelbyggareorden.org\\\/#organization\"},\"potentialAction\":[{\"@type\":\"SearchAction\",\"target\":{\"@type\":\"EntryPoint\",\"urlTemplate\":\"https:\\\/\\\/tempelbyggareorden.org\\\/?s={search_term_string}\"},\"query-input\":{\"@type\":\"PropertyValueSpecification\",\"valueRequired\":true,\"valueName\":\"search_term_string\"}}],\"inLanguage\":\"nb-NO\"},{\"@type\":\"Organization\",\"@id\":\"https:\\\/\\\/tempelbyggareorden.org\\\/#organization\",\"name\":\"Tempel Byggare Orden\",\"url\":\"https:\\\/\\\/tempelbyggareorden.org\\\/\",\"logo\":{\"@type\":\"ImageObject\",\"inLanguage\":\"nb-NO\",\"@id\":\"https:\\\/\\\/tempelbyggareorden.org\\\/#\\\/schema\\\/logo\\\/image\\\/\",\"url\":\"https:\\\/\\\/tempelbyggareorden.org\\\/wp-content\\\/uploads\\\/2019\\\/11\\\/TBO_STSN.jpg\",\"contentUrl\":\"https:\\\/\\\/tempelbyggareorden.org\\\/wp-content\\\/uploads\\\/2019\\\/11\\\/TBO_STSN.jpg\",\"width\":1200,\"height\":630,\"caption\":\"Tempel Byggare Orden\"},\"image\":{\"@id\":\"https:\\\/\\\/tempelbyggareorden.org\\\/#\\\/schema\\\/logo\\\/image\\\/\"}}]}<\/script>\n<!-- \/ Yoast SEO plugin. -->","yoast_head_json":{"title":"Blir medlem i Tempel Byggare Orden","description":"Information och kontaktformul\u00e4r f\u00f6r att g\u00f6ra en intresseanm\u00e4lan om medlemskap i Tempel Byggare Orden","robots":{"index":"index","follow":"follow","max-snippet":"max-snippet:-1","max-image-preview":"max-image-preview:large","max-video-preview":"max-video-preview:-1"},"canonical":"https:\/\/tempelbyggareorden.org\/nb\/blimedlem\/","og_locale":"nb_NO","og_type":"article","og_title":"Blir medlem i Tempel Byggare Orden","og_description":"Information och kontaktformul\u00e4r f\u00f6r att g\u00f6ra en intresseanm\u00e4lan om medlemskap i Tempel Byggare Orden","og_url":"https:\/\/tempelbyggareorden.org\/nb\/blimedlem\/","og_site_name":"Tempel Byggare Orden","article_modified_time":"2025-11-29T20:00:56+00:00","twitter_card":"summary_large_image","twitter_misc":{"Ansl. lesetid":"1 minutt"},"schema":{"@context":"https:\/\/schema.org","@graph":[{"@type":"WebPage","@id":"https:\/\/tempelbyggareorden.org\/blimedlem\/","url":"https:\/\/tempelbyggareorden.org\/blimedlem\/","name":"Blir medlem i Tempel Byggare Orden","isPartOf":{"@id":"https:\/\/tempelbyggareorden.org\/#website"},"datePublished":"2018-05-11T19:01:35+00:00","dateModified":"2025-11-29T20:00:56+00:00","description":"Information och kontaktformul\u00e4r f\u00f6r att g\u00f6ra en intresseanm\u00e4lan om medlemskap i Tempel Byggare Orden","breadcrumb":{"@id":"https:\/\/tempelbyggareorden.org\/blimedlem\/#breadcrumb"},"inLanguage":"nb-NO","potentialAction":[{"@type":"ReadAction","target":["https:\/\/tempelbyggareorden.org\/blimedlem\/"]}]},{"@type":"BreadcrumbList","@id":"https:\/\/tempelbyggareorden.org\/blimedlem\/#breadcrumb","itemListElement":[{"@type":"ListItem","position":1,"name":"Hem","item":"https:\/\/tempelbyggareorden.org\/"},{"@type":"ListItem","position":2,"name":"Bli Medlem"}]},{"@type":"WebSite","@id":"https:\/\/tempelbyggareorden.org\/#website","url":"https:\/\/tempelbyggareorden.org\/","name":"Tempel Bygger Ordenen","description":"En Orden med gamla anor f\u00f6r nutidens m\u00e4nniskor.","publisher":{"@id":"https:\/\/tempelbyggareorden.org\/#organization"},"potentialAction":[{"@type":"SearchAction","target":{"@type":"EntryPoint","urlTemplate":"https:\/\/tempelbyggareorden.org\/?s={search_term_string}"},"query-input":{"@type":"PropertyValueSpecification","valueRequired":true,"valueName":"search_term_string"}}],"inLanguage":"nb-NO"},{"@type":"Organization","@id":"https:\/\/tempelbyggareorden.org\/#organization","name":"Tempel Bygger Ordenen","url":"https:\/\/tempelbyggareorden.org\/","logo":{"@type":"ImageObject","inLanguage":"nb-NO","@id":"https:\/\/tempelbyggareorden.org\/#\/schema\/logo\/image\/","url":"https:\/\/tempelbyggareorden.org\/wp-content\/uploads\/2019\/11\/TBO_STSN.jpg","contentUrl":"https:\/\/tempelbyggareorden.org\/wp-content\/uploads\/2019\/11\/TBO_STSN.jpg","width":1200,"height":630,"caption":"Tempel Byggare Orden"},"image":{"@id":"https:\/\/tempelbyggareorden.org\/#\/schema\/logo\/image\/"}}]}},"_links":{"self":[{"href":"https:\/\/tempelbyggareorden.org\/nb\/wp-json\/wp\/v2\/pages\/14","targetHints":{"allow":["GET"]}}],"collection":[{"href":"https:\/\/tempelbyggareorden.org\/nb\/wp-json\/wp\/v2\/pages"}],"about":[{"href":"https:\/\/tempelbyggareorden.org\/nb\/wp-json\/wp\/v2\/types\/page"}],"author":[{"embeddable":true,"href":"https:\/\/tempelbyggareorden.org\/nb\/wp-json\/wp\/v2\/users\/1"}],"replies":[{"embeddable":true,"href":"https:\/\/tempelbyggareorden.org\/nb\/wp-json\/wp\/v2\/comments?post=14"}],"version-history":[{"count":26,"href":"https:\/\/tempelbyggareorden.org\/nb\/wp-json\/wp\/v2\/pages\/14\/revisions"}],"predecessor-version":[{"id":594,"href":"https:\/\/tempelbyggareorden.org\/nb\/wp-json\/wp\/v2\/pages\/14\/revisions\/594"}],"wp:attachment":[{"href":"https:\/\/tempelbyggareorden.org\/nb\/wp-json\/wp\/v2\/media?parent=14"}],"curies":[{"name":"wp","href":"https:\/\/api.w.org\/{rel}","templated":true}]}}