{"id":12,"date":"2018-05-11T19:01:35","date_gmt":"2018-05-11T19:01:35","guid":{"rendered":"http:\/\/nya.tempelbyggareorden.org\/?page_id=12"},"modified":"2025-06-23T19:53:06","modified_gmt":"2025-06-23T17:53:06","slug":"om-orden","status":"publish","type":"page","link":"https:\/\/tempelbyggareorden.org\/nb\/om-orden\/","title":{"rendered":"Om Ordenen"},"content":{"rendered":"<div data-elementor-type=\"wp-post\" data-elementor-id=\"12\" class=\"elementor elementor-12\" data-elementor-post-type=\"page\">\n\t\t\t\t\t\t<section class=\"elementor-section elementor-top-section elementor-element elementor-element-28c83c9 elementor-section-boxed elementor-section-height-default elementor-section-height-default\" data-id=\"28c83c9\" data-element_type=\"section\" data-e-type=\"section\">\n\t\t\t\t\t\t<div class=\"elementor-container elementor-column-gap-default\">\n\t\t\t\t\t<div class=\"elementor-column elementor-col-100 elementor-top-column elementor-element elementor-element-36e2a53\" data-id=\"36e2a53\" data-element_type=\"column\" data-e-type=\"column\">\n\t\t\t<div class=\"elementor-widget-wrap elementor-element-populated\">\n\t\t\t\t\t\t<div class=\"elementor-element elementor-element-3e9a424 elementor-hidden-phone elementor-widget elementor-widget-image\" data-id=\"3e9a424\" data-element_type=\"widget\" data-e-type=\"widget\" data-widget_type=\"image.default\">\n\t\t\t\t<div class=\"elementor-widget-container\">\n\t\t\t\t\t\t\t\t\t\t\t\t\t\t\t<img fetchpriority=\"high\" decoding=\"async\" width=\"968\" height=\"643\" src=\"https:\/\/tempelbyggareorden.org\/wp-content\/uploads\/2022\/02\/dimma.webp\" class=\"attachment-large size-large wp-image-393\" alt=\"\" srcset=\"https:\/\/tempelbyggareorden.org\/wp-content\/uploads\/2022\/02\/dimma.webp 1024w, https:\/\/tempelbyggareorden.org\/wp-content\/uploads\/2022\/02\/dimma-300x199.webp 300w, https:\/\/tempelbyggareorden.org\/wp-content\/uploads\/2022\/02\/dimma-768x510.webp 768w, https:\/\/tempelbyggareorden.org\/wp-content\/uploads\/2022\/02\/dimma-18x12.webp 18w\" sizes=\"(max-width: 968px) 100vw, 968px\" \/>\t\t\t\t\t\t\t\t\t\t\t\t\t\t\t<\/div>\n\t\t\t\t<\/div>\n\t\t\t\t\t<\/div>\n\t\t<\/div>\n\t\t\t\t\t<\/div>\n\t\t<\/section>\n\t\t\t\t<section class=\"elementor-section elementor-top-section elementor-element elementor-element-df62d09 elementor-section-boxed elementor-section-height-default elementor-section-height-default\" data-id=\"df62d09\" data-element_type=\"section\" data-e-type=\"section\">\n\t\t\t\t\t\t<div class=\"elementor-container elementor-column-gap-default\">\n\t\t\t\t\t<div class=\"elementor-column elementor-col-100 elementor-top-column elementor-element elementor-element-ea1d1e7\" data-id=\"ea1d1e7\" data-element_type=\"column\" data-e-type=\"column\">\n\t\t\t<div class=\"elementor-widget-wrap elementor-element-populated\">\n\t\t\t\t\t\t<div class=\"elementor-element elementor-element-67d63b3 elementor-widget elementor-widget-heading\" data-id=\"67d63b3\" data-element_type=\"widget\" data-e-type=\"widget\" data-widget_type=\"heading.default\">\n\t\t\t\t<div class=\"elementor-widget-container\">\n\t\t\t\t\t<h2 class=\"elementor-heading-title elementor-size-default\">Sannhet \u2013 Kj\u00e6rlighet - Renhet - Troskap<\/h2>\t\t\t\t<\/div>\n\t\t\t\t<\/div>\n\t\t\t\t<div class=\"elementor-element elementor-element-604e952 elementor-widget elementor-widget-text-editor\" data-id=\"604e952\" data-element_type=\"widget\" data-e-type=\"widget\" data-widget_type=\"text-editor.default\">\n\t\t\t\t<div class=\"elementor-widget-container\">\n\t\t\t\t\t\t\t\t\t<p>Tempel Bygger Ordenen er en Orden som vil samle kvinner med etiske og sosiale interesser til et fellesskap bygd p\u00e5 samhold, likhet og menneskekj\u00e6rlighet.<\/p><p>Ordenens form\u00e5l er \u00e5 samle kvinner til tjeneste for det gode og sanne til gang for det samfunn alle er en del av, familien og egen utvikling.<\/p><p>Tempel Bygger Ordenen har samme ideal og m\u00e5l som Tempel Ridder Ordenen (bare \u00e5pen for menn). Ordnenenes utspring er \u201cTemplars of Honor and Temperance\u201d som ble grunnlagt i USA i 1845 og den hviler p\u00e5 avholdbevegelsens sterke klippe. <a href=\"https:\/\/tempelriddareorden.se\/\" target=\"_blank\" rel=\"noopener\">Tempel Ridder Ordenen<\/a> (endast \u00f6ppen f\u00f6r m\u00e4n). Ordnarnas ursprung \u00e4r &#8221;Templars of Honor and Temperance&#8221; som grundlades i USA \u00e5r 1845 och de vilar p\u00e5 helnykterhetens och drogfrihetens starka klippa.<\/p><p>V\u00e5re rituelle m\u00f8ter som har et h\u00f8ytidlig preg, gir oss mulighet til \u00e5 komme bort fra hverdagens stress og finne  tid for refleksjon og ettertanke. De gir oss en mulighet til  \u00e5 kjenne seg delaktig i noe st\u00f8rre.<\/p><p>Et medlemskap i Tempel Bygger Ordenen innledes i et Tempels Forg\u00e5rd. Tanken er att en f\u00e5r tillgang til kunnskap og mulighet til \u00e5 utvikles, parallellt med att en g\u00e5r videre og blir tatt opp i h\u00f8yere  grader og f\u00e5r den kunnskap som gradene tilbyr.<\/p><p>Ordenen  krever at en f\u00f8rer en rusfri  livsstil, men stiller ingen religi\u00f8se eller politiske krav til sine medlemmer. Vi tar avstand fra all form for diskriminering. Tempel Bygger Ordenen  tilbyr et fellesskap som bygger p\u00e5 alle menneskers likeverd.<\/p>\t\t\t\t\t\t\t\t<\/div>\n\t\t\t\t<\/div>\n\t\t\t\t\t<\/div>\n\t\t<\/div>\n\t\t\t\t\t<\/div>\n\t\t<\/section>\n\t\t\t\t<section class=\"elementor-section elementor-inner-section elementor-element elementor-element-18c78edb elementor-section-boxed elementor-section-height-default elementor-section-height-default elementor-invisible\" data-id=\"18c78edb\" data-element_type=\"section\" data-e-type=\"section\" data-settings=\"{&quot;animation&quot;:&quot;fadeIn&quot;}\">\n\t\t\t\t\t\t<div class=\"elementor-container elementor-column-gap-default\">\n\t\t\t\t\t<div class=\"elementor-column elementor-col-100 elementor-inner-column elementor-element elementor-element-7e12e16b\" data-id=\"7e12e16b\" data-element_type=\"column\" data-e-type=\"column\" data-settings=\"{&quot;background_background&quot;:&quot;classic&quot;}\">\n\t\t\t<div class=\"elementor-widget-wrap elementor-element-populated\">\n\t\t\t\t\t\t<div class=\"elementor-element elementor-element-27201650 elementor-tabs-view-horizontal elementor-widget elementor-widget-tabs\" data-id=\"27201650\" data-element_type=\"widget\" data-e-type=\"widget\" data-widget_type=\"tabs.default\">\n\t\t\t\t<div class=\"elementor-widget-container\">\n\t\t\t\t\t\t\t<div class=\"elementor-tabs\">\n\t\t\t<div class=\"elementor-tabs-wrapper\" role=\"tablist\" >\n\t\t\t\t\t\t\t\t\t<div id=\"elementor-tab-title-6561\" class=\"elementor-tab-title elementor-tab-desktop-title\" aria-selected=\"true\" data-tab=\"1\" role=\"tab\" tabindex=\"0\" aria-controls=\"elementor-tab-content-6561\" aria-expanded=\"false\">Gradsystem<\/div>\n\t\t\t\t\t\t\t\t\t<div id=\"elementor-tab-title-6562\" class=\"elementor-tab-title elementor-tab-desktop-title\" aria-selected=\"false\" data-tab=\"2\" role=\"tab\" tabindex=\"-1\" aria-controls=\"elementor-tab-content-6562\" aria-expanded=\"false\">Organisasjonen<\/div>\n\t\t\t\t\t\t\t\t\t<div id=\"elementor-tab-title-6563\" class=\"elementor-tab-title elementor-tab-desktop-title\" aria-selected=\"false\" data-tab=\"3\" role=\"tab\" tabindex=\"-1\" aria-controls=\"elementor-tab-content-6563\" aria-expanded=\"false\">Ordens grundlag<\/div>\n\t\t\t\t\t\t\t<\/div>\n\t\t\t<div class=\"elementor-tabs-content-wrapper\" role=\"tablist\" aria-orientation=\"vertical\">\n\t\t\t\t\t\t\t\t\t<div class=\"elementor-tab-title elementor-tab-mobile-title\" aria-selected=\"true\" data-tab=\"1\" role=\"tab\" tabindex=\"0\" aria-controls=\"elementor-tab-content-6561\" aria-expanded=\"false\">Gradsystem<\/div>\n\t\t\t\t\t<div id=\"elementor-tab-content-6561\" class=\"elementor-tab-content elementor-clearfix\" data-tab=\"1\" role=\"tabpanel\" aria-labelledby=\"elementor-tab-title-6561\" tabindex=\"0\" hidden=\"false\"><p>Tempel Byggare Orden er oppbyggd i ett gradsystem der hver grad gir en et dypere innblikk  i Ordenens ideologi og budskap. Hver grads s\u00e6regenhet og budskap gis bare de medlemmer som har graden, slik at hvert gradsm\u00f8te blir til en unik h\u00f8ytid ocg en givende opplevelse. Det er dette som er \u00e5rsaken  til taushetsl\u00f8ftet. Dessuten inneb\u00e6rer vandringen gjennom gradene til ny forst\u00e5lse og forklaring til de lavere gradenes innhold, hvilket gir ytterligere en dimension til de ulike budskapene.<\/p>\n<p>Gradenes Navn<\/p>\n<p>F\u00f6rg\u00e5rds Grad (FG)<br>Sanningens Grad (SG)<br>K\u00e4rlekens Grad (KG)<br>Renhetens Grad (RG)<br>Trohetens Grad (TG)<br>Pr\u00f6vningens Grad (PG)<\/p>\n<p>Gradene mottas etter en viss tid og avhengig av  den interesse medlemmet viser.<\/p>\n<p>Hver grad har egne dekorasjoner som alltid b\u00e6res p\u00e5 m\u00f8tene.<\/p>\n<p>Antrekket p\u00e5 Temple meetings er et svart ankellangt skj\u00f8rt, sort jakke, hvit bluse og sorte sokker og sko. Dette antrekket kan kompletteres med et svart eller hvitt sjal. Ved forg\u00e5rdsm\u00f8ter kan skj\u00f8rtet skiftes til sorte bukser.<\/p><\/div>\n\t\t\t\t\t\t\t\t\t<div class=\"elementor-tab-title elementor-tab-mobile-title\" aria-selected=\"false\" data-tab=\"2\" role=\"tab\" tabindex=\"-1\" aria-controls=\"elementor-tab-content-6562\" aria-expanded=\"false\">Organisasjonen<\/div>\n\t\t\t\t\t<div id=\"elementor-tab-content-6562\" class=\"elementor-tab-content elementor-clearfix\" data-tab=\"2\" role=\"tabpanel\" aria-labelledby=\"elementor-tab-title-6562\" tabindex=\"0\" hidden=\"hidden\"><p>Tempel Bygger Ordenen for Sverige og Norge  startet sin virksomhet i Stockholm i 2004.<\/p><p>Stor Templet er Ordenens H\u00f8yeste besluttende forsamling for alle Templer og Fog\u00e5rder innen  virksomhetsomr\u00e5det og skal ut\u00f8ve sin virksomhet i overenstemmelse med de prinsipper som angis i Ordenens Lover.<\/p><p>Mellome General Konventene, som holdes  hvert tredje \u00e5r i juli eller augus, ledes virksomheten av Stor Mester R\u00e5det for Sverige og Norge.<\/p><p>Templene utgj\u00f8r  grunnen som hele Ordenen  hviler p\u00e5. I Templene skal kvinner som har valgt \u00e5 f\u00f8re en rusfri livsstil, har inetresse for ideell virksomhet og et \u00f8nske om \u00e5  arbeide for h\u00f8ye  etiske m\u00e5l, innvies. Hvert  Tempel ledes av en Mester med et Mester R\u00e5d som er ansvarlig  for at virksomheten f\u00f8lger Ordens lover, seder og skikker.<\/p><p>Alle Templer har en eller flera Forg\u00e5rder  under seg. Disse har eget styre og egne m\u00f8ter.. Forg\u00e5rden har som oppgave \u00e5  arbeide i Ordens \u00e5nd og  innvie nye S\u00f8stre og forberede dem f\u00f8r de kan bli tatt opp i Tempel Bygger Ordenen som fullverdige medlemmer.<\/p><\/div>\n\t\t\t\t\t\t\t\t\t<div class=\"elementor-tab-title elementor-tab-mobile-title\" aria-selected=\"false\" data-tab=\"3\" role=\"tab\" tabindex=\"-1\" aria-controls=\"elementor-tab-content-6563\" aria-expanded=\"false\">Ordens grundlag<\/div>\n\t\t\t\t\t<div id=\"elementor-tab-content-6563\" class=\"elementor-tab-content elementor-clearfix\" data-tab=\"3\" role=\"tabpanel\" aria-labelledby=\"elementor-tab-title-6563\" tabindex=\"0\" hidden=\"hidden\"><p>\u00a7 1<br \/>1.1 Ordens syfte \u00e4r att samla m\u00e4nniskor till arbete i det godas och sannas <br \/>tj\u00e4nst till gagn f\u00f6r<\/p><ul><li>det samh\u00e4lle som alla \u00e4r en del av\u00a0<\/li><li>familjen<\/li><li>\u00a0egen utveckling<\/li><\/ul><p>1.2 Orden arbetar f\u00f6r ett samh\u00e4lle fritt fr\u00e5n alkohol och andra droger.<\/p><p>\u00a7 2<br \/>2.1 Orden bygger p\u00e5 kristen grund, men st\u00e4ller inga s\u00e4rskilda krav p\u00e5 <br \/>medlemmarnas religi\u00f6sa eller politiska st\u00e5ndpunkter.<br \/>2.2 Ordens grundl\u00e4ggande v\u00e4rden \u00e4r Sanning, K\u00e4rlek, Renhet och Trohet.<\/p><p>\u00a7 3<br \/>3.1 Den enskilda medlemmen skall, efter b\u00e4sta f\u00f6rm\u00e5ga\u00a0<\/p><ul><li>vara trogen mot Ordens syfte och v\u00e4rderingar<\/li><li>visa uppriktigt syskonskap inom Orden och i det dagliga livet.<\/li><\/ul><p>3.2 Den enskilda medlemmen skall icke sj\u00e4lv anv\u00e4nda berusande medel.<\/p><p>\u00a7 4<br \/>4.1 Medlemskapet i Orden \u00e4r livsl\u00e5ngt. Om det f\u00f6religger s\u00e4rskilda sk\u00e4l kan <br \/>medlemmen dock ans\u00f6ka om att medlemskapet upph\u00e4vs.<br \/>4.2 Om en medlem bryter mot de principer som sl\u00e5s fast i denna Grundlag, <br \/>har Orden r\u00e4tt att upph\u00e4va medlemskapet.<br \/>4.3 F\u00f6r en medlem som skiljs fr\u00e5n sitt medlemskap g\u00e4ller \u00e4ven i <br \/>forts\u00e4ttningen tystnadsplikt om Ordens rituella inneh\u00e5ll.<\/p><p>\u00a7 5<br \/>5.1 Ordens Grundlag kan \u00e4ndras med minst tre fj\u00e4rdedels majoritet<\/p><\/div>\n\t\t\t\t\t\t\t<\/div>\n\t\t<\/div>\n\t\t\t\t\t\t<\/div>\n\t\t\t\t<\/div>\n\t\t\t\t\t<\/div>\n\t\t<\/div>\n\t\t\t\t\t<\/div>\n\t\t<\/section>\n\t\t\t\t<\/div>","protected":false},"excerpt":{"rendered":"<p>Sanning &#8211; K\u00e4rlek &#8211; Renhet &#8211; Trohet Tempel Byggare Orden \u00e4r en Orden som vill samla kvinnor med etiska och sociala intressen till ett samfund byggt p\u00e5 samh\u00f6righet, j\u00e4mlikhet och m\u00e4nniskok\u00e4rlek. Tempel Byggare Ordens m\u00e5l \u00e4r nykterhet och personlig utveckling. Nykterhet \u00e4r den fasta grund, p\u00e5 vilken vi vill bygga den personliga utvecklingen och medverka &#8230; <a title=\"Om Ordenen\" class=\"read-more\" href=\"https:\/\/tempelbyggareorden.org\/nb\/om-orden\/\" aria-label=\"Read more about Om Orden\">Read more<\/a><\/p>","protected":false},"author":1,"featured_media":0,"parent":0,"menu_order":0,"comment_status":"closed","ping_status":"closed","template":"","meta":{"generate_page_header":"","footnotes":""},"class_list":["post-12","page","type-page","status-publish"],"yoast_head":"<!-- This site is optimized with the Yoast SEO plugin v27.4 - https:\/\/yoast.com\/product\/yoast-seo-wordpress\/ -->\n<title>Om Tempel Byggare Orden<\/title>\n<meta name=\"description\" content=\"Tempel Byggare Orden \u00e4r grundad i den kristna traditionen och dess v\u00e4rderingar. P\u00e5 h\u00f6rnstenarna sanning, k\u00e4rlek, renhet och trohet \u00e4r det arbete uppbyggt som utvecklar medlemmarnas karakt\u00e4r.\" \/>\n<meta name=\"robots\" content=\"index, follow, max-snippet:-1, max-image-preview:large, max-video-preview:-1\" \/>\n<link rel=\"canonical\" href=\"https:\/\/tempelbyggareorden.org\/nb\/om-orden\/\" \/>\n<meta property=\"og:locale\" content=\"nb_NO\" \/>\n<meta property=\"og:type\" content=\"article\" \/>\n<meta property=\"og:title\" content=\"Om Tempel Byggare Orden\" \/>\n<meta property=\"og:description\" content=\"Tempel Byggare Orden \u00e4r grundad i den kristna traditionen och dess v\u00e4rderingar. P\u00e5 h\u00f6rnstenarna sanning, k\u00e4rlek, renhet och trohet \u00e4r det arbete uppbyggt som utvecklar medlemmarnas karakt\u00e4r.\" \/>\n<meta property=\"og:url\" content=\"https:\/\/tempelbyggareorden.org\/nb\/om-orden\/\" \/>\n<meta property=\"og:site_name\" content=\"Tempel Byggare Orden\" \/>\n<meta property=\"article:modified_time\" content=\"2025-06-23T17:53:06+00:00\" \/>\n<meta property=\"og:image\" content=\"https:\/\/tempelbyggareorden.org\/wp-content\/uploads\/2022\/02\/dimma.webp\" \/>\n\t<meta property=\"og:image:width\" content=\"1024\" \/>\n\t<meta property=\"og:image:height\" content=\"680\" \/>\n\t<meta property=\"og:image:type\" content=\"image\/webp\" \/>\n<meta name=\"twitter:card\" content=\"summary_large_image\" \/>\n<meta name=\"twitter:label1\" content=\"Ansl. lesetid\" \/>\n\t<meta name=\"twitter:data1\" content=\"4 minutter\" \/>\n<script type=\"application\/ld+json\" class=\"yoast-schema-graph\">{\"@context\":\"https:\\\/\\\/schema.org\",\"@graph\":[{\"@type\":\"WebPage\",\"@id\":\"https:\\\/\\\/tempelbyggareorden.org\\\/om-orden\\\/\",\"url\":\"https:\\\/\\\/tempelbyggareorden.org\\\/om-orden\\\/\",\"name\":\"Om Tempel Byggare Orden\",\"isPartOf\":{\"@id\":\"https:\\\/\\\/tempelbyggareorden.org\\\/#website\"},\"primaryImageOfPage\":{\"@id\":\"https:\\\/\\\/tempelbyggareorden.org\\\/om-orden\\\/#primaryimage\"},\"image\":{\"@id\":\"https:\\\/\\\/tempelbyggareorden.org\\\/om-orden\\\/#primaryimage\"},\"thumbnailUrl\":\"https:\\\/\\\/tempelbyggareorden.org\\\/wp-content\\\/uploads\\\/2022\\\/02\\\/dimma.webp\",\"datePublished\":\"2018-05-11T19:01:35+00:00\",\"dateModified\":\"2025-06-23T17:53:06+00:00\",\"description\":\"Tempel Byggare Orden \u00e4r grundad i den kristna traditionen och dess v\u00e4rderingar. P\u00e5 h\u00f6rnstenarna sanning, k\u00e4rlek, renhet och trohet \u00e4r det arbete uppbyggt som utvecklar medlemmarnas karakt\u00e4r.\",\"breadcrumb\":{\"@id\":\"https:\\\/\\\/tempelbyggareorden.org\\\/om-orden\\\/#breadcrumb\"},\"inLanguage\":\"nb-NO\",\"potentialAction\":[{\"@type\":\"ReadAction\",\"target\":[\"https:\\\/\\\/tempelbyggareorden.org\\\/om-orden\\\/\"]}]},{\"@type\":\"ImageObject\",\"inLanguage\":\"nb-NO\",\"@id\":\"https:\\\/\\\/tempelbyggareorden.org\\\/om-orden\\\/#primaryimage\",\"url\":\"https:\\\/\\\/tempelbyggareorden.org\\\/wp-content\\\/uploads\\\/2022\\\/02\\\/dimma.webp\",\"contentUrl\":\"https:\\\/\\\/tempelbyggareorden.org\\\/wp-content\\\/uploads\\\/2022\\\/02\\\/dimma.webp\"},{\"@type\":\"BreadcrumbList\",\"@id\":\"https:\\\/\\\/tempelbyggareorden.org\\\/om-orden\\\/#breadcrumb\",\"itemListElement\":[{\"@type\":\"ListItem\",\"position\":1,\"name\":\"Hem\",\"item\":\"https:\\\/\\\/tempelbyggareorden.org\\\/\"},{\"@type\":\"ListItem\",\"position\":2,\"name\":\"Om Orden\"}]},{\"@type\":\"WebSite\",\"@id\":\"https:\\\/\\\/tempelbyggareorden.org\\\/#website\",\"url\":\"https:\\\/\\\/tempelbyggareorden.org\\\/\",\"name\":\"Tempel Byggare Orden\",\"description\":\"En Orden med gamla anor f\u00f6r nutidens m\u00e4nniskor.\",\"publisher\":{\"@id\":\"https:\\\/\\\/tempelbyggareorden.org\\\/#organization\"},\"potentialAction\":[{\"@type\":\"SearchAction\",\"target\":{\"@type\":\"EntryPoint\",\"urlTemplate\":\"https:\\\/\\\/tempelbyggareorden.org\\\/?s={search_term_string}\"},\"query-input\":{\"@type\":\"PropertyValueSpecification\",\"valueRequired\":true,\"valueName\":\"search_term_string\"}}],\"inLanguage\":\"nb-NO\"},{\"@type\":\"Organization\",\"@id\":\"https:\\\/\\\/tempelbyggareorden.org\\\/#organization\",\"name\":\"Tempel Byggare Orden\",\"url\":\"https:\\\/\\\/tempelbyggareorden.org\\\/\",\"logo\":{\"@type\":\"ImageObject\",\"inLanguage\":\"nb-NO\",\"@id\":\"https:\\\/\\\/tempelbyggareorden.org\\\/#\\\/schema\\\/logo\\\/image\\\/\",\"url\":\"https:\\\/\\\/tempelbyggareorden.org\\\/wp-content\\\/uploads\\\/2019\\\/11\\\/TBO_STSN.jpg\",\"contentUrl\":\"https:\\\/\\\/tempelbyggareorden.org\\\/wp-content\\\/uploads\\\/2019\\\/11\\\/TBO_STSN.jpg\",\"width\":1200,\"height\":630,\"caption\":\"Tempel Byggare Orden\"},\"image\":{\"@id\":\"https:\\\/\\\/tempelbyggareorden.org\\\/#\\\/schema\\\/logo\\\/image\\\/\"}}]}<\/script>\n<!-- \/ Yoast SEO plugin. -->","yoast_head_json":{"title":"Om Tempel Byggare Orden","description":"Tempel Byggare Orden \u00e4r grundad i den kristna traditionen och dess v\u00e4rderingar. P\u00e5 h\u00f6rnstenarna sanning, k\u00e4rlek, renhet och trohet \u00e4r det arbete uppbyggt som utvecklar medlemmarnas karakt\u00e4r.","robots":{"index":"index","follow":"follow","max-snippet":"max-snippet:-1","max-image-preview":"max-image-preview:large","max-video-preview":"max-video-preview:-1"},"canonical":"https:\/\/tempelbyggareorden.org\/nb\/om-orden\/","og_locale":"nb_NO","og_type":"article","og_title":"Om Tempel Byggare Orden","og_description":"Tempel Byggare Orden \u00e4r grundad i den kristna traditionen och dess v\u00e4rderingar. P\u00e5 h\u00f6rnstenarna sanning, k\u00e4rlek, renhet och trohet \u00e4r det arbete uppbyggt som utvecklar medlemmarnas karakt\u00e4r.","og_url":"https:\/\/tempelbyggareorden.org\/nb\/om-orden\/","og_site_name":"Tempel Byggare Orden","article_modified_time":"2025-06-23T17:53:06+00:00","og_image":[{"width":1024,"height":680,"url":"https:\/\/tempelbyggareorden.org\/wp-content\/uploads\/2022\/02\/dimma.webp","type":"image\/webp"}],"twitter_card":"summary_large_image","twitter_misc":{"Ansl. lesetid":"4 minutter"},"schema":{"@context":"https:\/\/schema.org","@graph":[{"@type":"WebPage","@id":"https:\/\/tempelbyggareorden.org\/om-orden\/","url":"https:\/\/tempelbyggareorden.org\/om-orden\/","name":"Om Tempel Byggare Orden","isPartOf":{"@id":"https:\/\/tempelbyggareorden.org\/#website"},"primaryImageOfPage":{"@id":"https:\/\/tempelbyggareorden.org\/om-orden\/#primaryimage"},"image":{"@id":"https:\/\/tempelbyggareorden.org\/om-orden\/#primaryimage"},"thumbnailUrl":"https:\/\/tempelbyggareorden.org\/wp-content\/uploads\/2022\/02\/dimma.webp","datePublished":"2018-05-11T19:01:35+00:00","dateModified":"2025-06-23T17:53:06+00:00","description":"Tempel Byggare Orden \u00e4r grundad i den kristna traditionen och dess v\u00e4rderingar. P\u00e5 h\u00f6rnstenarna sanning, k\u00e4rlek, renhet och trohet \u00e4r det arbete uppbyggt som utvecklar medlemmarnas karakt\u00e4r.","breadcrumb":{"@id":"https:\/\/tempelbyggareorden.org\/om-orden\/#breadcrumb"},"inLanguage":"nb-NO","potentialAction":[{"@type":"ReadAction","target":["https:\/\/tempelbyggareorden.org\/om-orden\/"]}]},{"@type":"ImageObject","inLanguage":"nb-NO","@id":"https:\/\/tempelbyggareorden.org\/om-orden\/#primaryimage","url":"https:\/\/tempelbyggareorden.org\/wp-content\/uploads\/2022\/02\/dimma.webp","contentUrl":"https:\/\/tempelbyggareorden.org\/wp-content\/uploads\/2022\/02\/dimma.webp"},{"@type":"BreadcrumbList","@id":"https:\/\/tempelbyggareorden.org\/om-orden\/#breadcrumb","itemListElement":[{"@type":"ListItem","position":1,"name":"Hem","item":"https:\/\/tempelbyggareorden.org\/"},{"@type":"ListItem","position":2,"name":"Om Orden"}]},{"@type":"WebSite","@id":"https:\/\/tempelbyggareorden.org\/#website","url":"https:\/\/tempelbyggareorden.org\/","name":"Tempel Bygger Ordenen","description":"En Orden med gamla anor f\u00f6r nutidens m\u00e4nniskor.","publisher":{"@id":"https:\/\/tempelbyggareorden.org\/#organization"},"potentialAction":[{"@type":"SearchAction","target":{"@type":"EntryPoint","urlTemplate":"https:\/\/tempelbyggareorden.org\/?s={search_term_string}"},"query-input":{"@type":"PropertyValueSpecification","valueRequired":true,"valueName":"search_term_string"}}],"inLanguage":"nb-NO"},{"@type":"Organization","@id":"https:\/\/tempelbyggareorden.org\/#organization","name":"Tempel Bygger Ordenen","url":"https:\/\/tempelbyggareorden.org\/","logo":{"@type":"ImageObject","inLanguage":"nb-NO","@id":"https:\/\/tempelbyggareorden.org\/#\/schema\/logo\/image\/","url":"https:\/\/tempelbyggareorden.org\/wp-content\/uploads\/2019\/11\/TBO_STSN.jpg","contentUrl":"https:\/\/tempelbyggareorden.org\/wp-content\/uploads\/2019\/11\/TBO_STSN.jpg","width":1200,"height":630,"caption":"Tempel Byggare Orden"},"image":{"@id":"https:\/\/tempelbyggareorden.org\/#\/schema\/logo\/image\/"}}]}},"_links":{"self":[{"href":"https:\/\/tempelbyggareorden.org\/nb\/wp-json\/wp\/v2\/pages\/12","targetHints":{"allow":["GET"]}}],"collection":[{"href":"https:\/\/tempelbyggareorden.org\/nb\/wp-json\/wp\/v2\/pages"}],"about":[{"href":"https:\/\/tempelbyggareorden.org\/nb\/wp-json\/wp\/v2\/types\/page"}],"author":[{"embeddable":true,"href":"https:\/\/tempelbyggareorden.org\/nb\/wp-json\/wp\/v2\/users\/1"}],"replies":[{"embeddable":true,"href":"https:\/\/tempelbyggareorden.org\/nb\/wp-json\/wp\/v2\/comments?post=12"}],"version-history":[{"count":28,"href":"https:\/\/tempelbyggareorden.org\/nb\/wp-json\/wp\/v2\/pages\/12\/revisions"}],"predecessor-version":[{"id":513,"href":"https:\/\/tempelbyggareorden.org\/nb\/wp-json\/wp\/v2\/pages\/12\/revisions\/513"}],"wp:attachment":[{"href":"https:\/\/tempelbyggareorden.org\/nb\/wp-json\/wp\/v2\/media?parent=12"}],"curies":[{"name":"wp","href":"https:\/\/api.w.org\/{rel}","templated":true}]}}